{"id":28540,"date":"2023-07-07T17:42:54","date_gmt":"2023-07-07T15:42:54","guid":{"rendered":"https:\/\/reservas.amareturismonautico.com\/producto\/taxi-areoso\/"},"modified":"2025-08-05T15:03:35","modified_gmt":"2025-08-05T13:03:35","slug":"taxi-areoso","status":"publish","type":"product","link":"https:\/\/reservas.amareturismonautico.com\/pt\/produto\/taxi-areoso\/","title":{"rendered":"T\u00e1xi para Areoso"},"content":{"rendered":"\t\t<div data-elementor-type=\"product-post\" data-elementor-id=\"28540\" class=\"elementor elementor-28540 elementor-434\" data-elementor-post-type=\"product\">\n\t\t\t\t\t\t<section class=\"elementor-section elementor-top-section elementor-element elementor-element-6487308 elementor-section-boxed elementor-section-height-default elementor-section-height-default\" data-id=\"6487308\" data-element_type=\"section\" data-e-type=\"section\">\n\t\t\t\t\t\t<div class=\"elementor-container elementor-column-gap-default\">\n\t\t\t\t\t<div class=\"elementor-column elementor-col-100 elementor-top-column elementor-element elementor-element-e06d9a4\" data-id=\"e06d9a4\" data-element_type=\"column\" data-e-type=\"column\">\n\t\t\t<div class=\"elementor-widget-wrap elementor-element-populated\">\n\t\t\t\t\t\t<div class=\"elementor-element elementor-element-ffcf5d1 elementor-widget elementor-widget-woocommerce-product-title elementor-page-title elementor-widget-heading\" data-id=\"ffcf5d1\" data-element_type=\"widget\" data-e-type=\"widget\" data-widget_type=\"woocommerce-product-title.default\">\n\t\t\t\t<div class=\"elementor-widget-container\">\n\t\t\t\t\t<h1 class=\"product_title entry-title elementor-heading-title elementor-size-default\">T\u00e1xi para Areoso<\/h1>\t\t\t\t<\/div>\n\t\t\t\t<\/div>\n\t\t\t\t\t<\/div>\n\t\t<\/div>\n\t\t\t\t\t<\/div>\n\t\t<\/section>\n\t\t\t\t<section class=\"elementor-section elementor-top-section elementor-element elementor-element-6248203 elementor-section-boxed elementor-section-height-default elementor-section-height-default\" data-id=\"6248203\" data-element_type=\"section\" data-e-type=\"section\">\n\t\t\t\t\t\t<div class=\"elementor-container elementor-column-gap-default\">\n\t\t\t\t\t<div class=\"elementor-column elementor-col-100 elementor-top-column elementor-element elementor-element-10c9d51\" data-id=\"10c9d51\" data-element_type=\"column\" data-e-type=\"column\">\n\t\t\t<div class=\"elementor-widget-wrap elementor-element-populated\">\n\t\t\t\t\t\t<div class=\"elementor-element elementor-element-6ad9476 elementor-widget elementor-widget-text-editor\" data-id=\"6ad9476\" data-element_type=\"widget\" data-e-type=\"widget\" data-widget_type=\"text-editor.default\">\n\t\t\t\t<div class=\"elementor-widget-container\">\n\t\t\t\t\t\t\t\t\t<p>&#8220;Est\u00e1s haciendo una pre-reserva para visitar Areoso que depende de disponibilidad de plazas en seg\u00fan cupos establecidos por la Xunta de Galicia diarios, por lo que esta compra no garantiza la plaza. De todos modos confirmaremos disponibilidad una vez recibida su petici\u00f3n, y en caso de no haber disponibilidad se devolver\u00e1 el importe de la misma. Para tener m\u00e1s posibilidades de reserva recomendamos elegir en horarios &#8220;Podr\u00eda adaptarme seg\u00fan disponibilidad de plazas&#8221; para poder buscar el horario en el que hay plazas disponibles.&#8221;<\/p>\t\t\t\t\t\t\t\t<\/div>\n\t\t\t\t<\/div>\n\t\t\t\t\t<\/div>\n\t\t<\/div>\n\t\t\t\t\t<\/div>\n\t\t<\/section>\n\t\t\t\t<section class=\"elementor-section elementor-top-section elementor-element elementor-element-161f761 elementor-section-boxed elementor-section-height-default elementor-section-height-default\" data-id=\"161f761\" data-element_type=\"section\" data-e-type=\"section\">\n\t\t\t\t\t\t<div class=\"elementor-container elementor-column-gap-default\">\n\t\t\t\t\t<div class=\"elementor-column elementor-col-100 elementor-top-column elementor-element elementor-element-17fc91c\" data-id=\"17fc91c\" data-element_type=\"column\" data-e-type=\"column\">\n\t\t\t<div class=\"elementor-widget-wrap elementor-element-populated\">\n\t\t\t\t\t\t<div class=\"elementor-element elementor-element-c2702d9 elementor-widget elementor-widget-image\" data-id=\"c2702d9\" data-element_type=\"widget\" data-e-type=\"widget\" data-widget_type=\"image.default\">\n\t\t\t\t<div class=\"elementor-widget-container\">\n\t\t\t\t\t\t\t\t\t\t\t\t\t\t\t<img fetchpriority=\"high\" decoding=\"async\" width=\"1920\" height=\"1081\" src=\"https:\/\/reservas.amareturismonautico.com\/wp-content\/uploads\/2023\/07\/taxi-areoso.jpg\" class=\"attachment-full size-full wp-image-430\" alt=\"\" srcset=\"https:\/\/reservas.amareturismonautico.com\/wp-content\/uploads\/2023\/07\/taxi-areoso.jpg 1920w, https:\/\/reservas.amareturismonautico.com\/wp-content\/uploads\/2023\/07\/taxi-areoso-600x338.jpg 600w, https:\/\/reservas.amareturismonautico.com\/wp-content\/uploads\/2023\/07\/taxi-areoso-300x169.jpg 300w, https:\/\/reservas.amareturismonautico.com\/wp-content\/uploads\/2023\/07\/taxi-areoso-1024x577.jpg 1024w, https:\/\/reservas.amareturismonautico.com\/wp-content\/uploads\/2023\/07\/taxi-areoso-768x432.jpg 768w, https:\/\/reservas.amareturismonautico.com\/wp-content\/uploads\/2023\/07\/taxi-areoso-1536x865.jpg 1536w\" sizes=\"(max-width: 1920px) 100vw, 1920px\" \/>\t\t\t\t\t\t\t\t\t\t\t\t\t\t\t<\/div>\n\t\t\t\t<\/div>\n\t\t\t\t\t<\/div>\n\t\t<\/div>\n\t\t\t\t\t<\/div>\n\t\t<\/section>\n\t\t\t\t<\/div>\n\t\t","protected":false},"excerpt":{"rendered":"<p><strong>Pr\u00e9-Reserva do Servi\u00e7o de T\u00e1xi Areoso<\/strong><\/p>\n<p>A confirma\u00e7\u00e3o da sua pr\u00e9-reserva est\u00e1 sujeita \u00e0 disponibilidade na Ilha Areoso, bem como \u00e0 capacidade operacional da nossa empresa. Prometemos inform\u00e1-lo sobre o estado da sua reserva <strong>no prazo de 24 horas<\/strong> ap\u00f3s a sua realiza\u00e7\u00e3o. <strong>N\u00f3s gerimos a licen\u00e7a por si<\/strong> e envi\u00e1-la-emos o mais rapidamente poss\u00edvel.<\/p>\n<p><strong>Informa\u00e7\u00f5es necess\u00e1rias:<\/strong> Para completar a sua pr\u00e9-reserva, \u00e9 essencial que forne\u00e7a as seguintes informa\u00e7\u00f5es a <strong>todos<\/strong>os participantes:<\/p>\n<ul>\n<li>Nomes completos.<\/li>\n<li>Pa\u00eds.<\/li>\n<li>Data de nascimento.<\/li>\n<li>N\u00famero do DNI.<\/li>\n<\/ul>\n<p>&nbsp;<\/p>\n<p>De seguida, selecione o dia e a hora da sua prefer\u00eancia. Recomendamos a escolha da \u00faltima op\u00e7\u00e3o para facilitar a garantia de lugares.<\/p>\n<p>Se desejar reservar uma data no prazo de 5 dias, por favor contacte-nos diretamente atrav\u00e9s de <a href=\"https:\/\/wa.me\/+34650410322\">WhatsApp<\/a> para verificar a disponibilidade.<\/p>\n<p><strong>Obrigado por nos ter escolhido!<\/strong><\/p>\n","protected":false},"featured_media":28541,"template":"","meta":[],"product_brand":[],"product_cat":[69],"product_tag":[],"class_list":{"0":"post-28540","1":"product","2":"type-product","3":"status-publish","4":"has-post-thumbnail","6":"product_cat-em-geral","8":"first","9":"instock","10":"virtual","11":"taxable","12":"purchasable","13":"product-type-simple"},"_links":{"self":[{"href":"https:\/\/reservas.amareturismonautico.com\/pt\/wp-json\/wp\/v2\/product\/28540","targetHints":{"allow":["GET"]}}],"collection":[{"href":"https:\/\/reservas.amareturismonautico.com\/pt\/wp-json\/wp\/v2\/product"}],"about":[{"href":"https:\/\/reservas.amareturismonautico.com\/pt\/wp-json\/wp\/v2\/types\/product"}],"version-history":[{"count":3,"href":"https:\/\/reservas.amareturismonautico.com\/pt\/wp-json\/wp\/v2\/product\/28540\/revisions"}],"predecessor-version":[{"id":28547,"href":"https:\/\/reservas.amareturismonautico.com\/pt\/wp-json\/wp\/v2\/product\/28540\/revisions\/28547"}],"wp:featuredmedia":[{"embeddable":true,"href":"https:\/\/reservas.amareturismonautico.com\/pt\/wp-json\/wp\/v2\/media\/28541"}],"wp:attachment":[{"href":"https:\/\/reservas.amareturismonautico.com\/pt\/wp-json\/wp\/v2\/media?parent=28540"}],"wp:term":[{"taxonomy":"product_brand","embeddable":true,"href":"https:\/\/reservas.amareturismonautico.com\/pt\/wp-json\/wp\/v2\/product_brand?post=28540"},{"taxonomy":"product_cat","embeddable":true,"href":"https:\/\/reservas.amareturismonautico.com\/pt\/wp-json\/wp\/v2\/product_cat?post=28540"},{"taxonomy":"product_tag","embeddable":true,"href":"https:\/\/reservas.amareturismonautico.com\/pt\/wp-json\/wp\/v2\/product_tag?post=28540"}],"curies":[{"name":"wp","href":"https:\/\/api.w.org\/{rel}","templated":true}]}}