{"id":28451,"date":"2023-11-07T11:53:36","date_gmt":"2023-11-07T10:53:36","guid":{"rendered":"https:\/\/reservas.amareturismonautico.com\/compromiso-proteccion-datos-personales\/"},"modified":"2025-03-31T18:13:11","modified_gmt":"2025-03-31T16:13:11","slug":"compromisso-protecao-dados-pessoais","status":"publish","type":"page","link":"https:\/\/reservas.amareturismonautico.com\/pt\/compromisso-protecao-dados-pessoais\/","title":{"rendered":"Compromisso com a Prote\u00e7\u00e3o de Dados Pessoais"},"content":{"rendered":"\t\t<div data-elementor-type=\"wp-page\" data-elementor-id=\"28451\" class=\"elementor elementor-28451 elementor-5392\" data-elementor-post-type=\"page\">\n\t\t\t\t\t\t<section class=\"elementor-section elementor-top-section elementor-element elementor-element-c22ef1b elementor-section-boxed elementor-section-height-default elementor-section-height-default\" data-id=\"c22ef1b\" data-element_type=\"section\" data-e-type=\"section\">\n\t\t\t\t\t\t<div class=\"elementor-container elementor-column-gap-default\">\n\t\t\t\t\t<div class=\"elementor-column elementor-col-100 elementor-top-column elementor-element elementor-element-648197c\" data-id=\"648197c\" data-element_type=\"column\" data-e-type=\"column\">\n\t\t\t<div class=\"elementor-widget-wrap elementor-element-populated\">\n\t\t\t\t\t\t<div class=\"elementor-element elementor-element-f1db540 elementor-widget elementor-widget-text-editor\" data-id=\"f1db540\" data-element_type=\"widget\" data-e-type=\"widget\" data-widget_type=\"text-editor.default\">\n\t\t\t\t<div class=\"elementor-widget-container\">\n\t\t\t\t\t\t\t\t\t<p style=\"text-align: center;\"><strong><u>O NOSSO COMPROMISSO COM A PROTEC\u00c7\u00c3O DE DADOS PESSOAIS: \u201cPESSOAS INFORMADAS E DADOS PROTEGIDOS\u201d<\/u><\/strong><\/p><p>A Dire\u00e7\u00e3o\/\u00d3rg\u00e3o de Administra\u00e7\u00e3o da <strong>AMARE TURISMO NAUTICO SL<\/strong> (doravante, o respons\u00e1vel pelo tratamento) assume a m\u00e1xima responsabilidade e compromisso com o estabelecimento, implementa\u00e7\u00e3o e manuten\u00e7\u00e3o desta Pol\u00edtica de Prote\u00e7\u00e3o de Dados, garantindo a melhoria cont\u00ednua do respons\u00e1vel pelo tratamento com o objetivo de alcan\u00e7ar a excel\u00eancia em rela\u00e7\u00e3o ao cumprimento do Regulamento (UE) 2016\/679 do Parlamento Europeu e do Conselho, de 27 de abril de 2016, relativo \u00e0 prote\u00e7\u00e3o das pessoas singulares no que diz respeito ao tratamento de dados pessoais e \u00e0 livre circula\u00e7\u00e3o desses dados e que revoga a Diretiva 95\/46\/CE (Regulamento Geral de Prote\u00e7\u00e3o de Dados) (JOUE L 119\/1, 04-05-2016) e com a regulamenta\u00e7\u00e3o espanhola de prote\u00e7\u00e3o de dados pessoais (Lei Org\u00e2nica, legisla\u00e7\u00e3o setorial espec\u00edfica e seus regulamentos de execu\u00e7\u00e3o).<\/p><p>A Pol\u00edtica de Prote\u00e7\u00e3o de Dados da <strong>AMARE TURISMO NAUTICO SL<\/strong> baseia-se no <u>princ\u00edpio da responsabilidade proativa<\/u>, segundo o qual o respons\u00e1vel pelo tratamento \u00e9 respons\u00e1vel pelo cumprimento do quadro regulamentar e jurisprudencial que rege a referida Pol\u00edtica, podendo demonstr\u00e1-lo perante as autoridades de controlo competentes.<\/p><p>Neste sentido, o respons\u00e1vel pelo tratamento reger-se-\u00e1 pelos seguintes princ\u00edpios, que servir\u00e3o de guia e de refer\u00eancia para todo o seu pessoal no tratamento de dados pessoais:<\/p><ol><li><u>Protec\u00e7\u00e3o de dados desde a concep\u00e7\u00e3o:<\/u> O respons\u00e1vel pelo tratamento de dados dever\u00e1 implementar, tanto ao determinar os meios de processamento como no momento do processamento em si, medidas t\u00e9cnicas e organizacionais apropriadas, como a pseudonimiza\u00e7\u00e3o, concebidas para implementar eficazmente os princ\u00edpios de protec\u00e7\u00e3o de dados, como a minimiza\u00e7\u00e3o de dados, e para integrar as salvaguardas necess\u00e1rias no processamento.<\/li><li><u>Prote\u00e7\u00e3o de dados por defeito:<\/u> O respons\u00e1vel pelo tratamento dever\u00e1 implementar medidas t\u00e9cnicas e organizacionais adequadas para garantir que, por defeito, apenas s\u00e3o processados \u200b\u200bos dados pessoais necess\u00e1rios para cada finalidade espec\u00edfica do tratamento.<\/li><li><u>Protec\u00e7\u00e3o de dados durante todo o ciclo de vida da informa\u00e7\u00e3o:<\/u> As medidas que garantem a protec\u00e7\u00e3o dos dados pessoais ser\u00e3o aplic\u00e1veis \u200b\u200bdurante todo o ciclo de vida da informa\u00e7\u00e3o.<\/li><li><u>Licitude, justi\u00e7a e transpar\u00eancia:<\/u> Os dados pessoais ser\u00e3o tratados de forma l\u00edcita, justa e transparente em rela\u00e7\u00e3o ao titular dos dados.<\/li><li><u>Limita\u00e7\u00e3o de finalidade:<\/u> Os dados pessoais ser\u00e3o recolhidos para finalidades espec\u00edficas, expl\u00edcitas e leg\u00edtimas e n\u00e3o ser\u00e3o tratados de forma incompat\u00edvel com essas finalidades.<\/li><li><u>Minimiza\u00e7\u00e3o de dados:<\/u> os dados pessoais ser\u00e3o adequados, relevantes e limitados ao que for necess\u00e1rio em rela\u00e7\u00e3o \u00e0s finalidades para as quais s\u00e3o tratados.<\/li><li><u>Precis\u00e3o:<\/u> Os dados pessoais ser\u00e3o precisos e, se necess\u00e1rio, atualizados; Ser\u00e3o tomadas todas as medidas razo\u00e1veis \u200b\u200bpara garantir que os dados pessoais imprecisos em rela\u00e7\u00e3o \u00e0s finalidades para as quais s\u00e3o tratados sejam prontamente eliminados ou retificados.<\/li><li><u>Limita\u00e7\u00e3o do per\u00edodo de conserva\u00e7\u00e3o:<\/u> Os dados pessoais ser\u00e3o conservados de forma a permitir a identifica\u00e7\u00e3o dos titulares dos dados, apenas pelo per\u00edodo necess\u00e1rio para efeitos do tratamento dos dados pessoais.<\/li><li><u>Integridade e confidencialidade:<\/u> Os dados pessoais ser\u00e3o tratados de forma a garantir a seguran\u00e7a adequada dos dados pessoais, incluindo a prote\u00e7\u00e3o contra o tratamento n\u00e3o autorizado ou ilegal e contra a perda acidental, destrui\u00e7\u00e3o ou danos, atrav\u00e9s da aplica\u00e7\u00e3o de medidas t\u00e9cnicas ou organizacionais adequadas.<\/li><li><u>Informa\u00e7\u00e3o e forma\u00e7\u00e3o:<\/u> Uma das chaves para garantir a protec\u00e7\u00e3o dos dados pessoais \u00e9 a forma\u00e7\u00e3o e a informa\u00e7\u00e3o prestada ao pessoal envolvido no seu tratamento. Ao longo do ciclo de vida da informa\u00e7\u00e3o, todo o pessoal com acesso aos dados ser\u00e1 devidamente formado e informado sobre as suas obriga\u00e7\u00f5es em mat\u00e9ria de conformidade com os regulamentos de prote\u00e7\u00e3o de dados.<\/li><\/ol><p>\u00a0<\/p><p>A Pol\u00edtica de Prote\u00e7\u00e3o de Dados da <strong>AMARE TURISMO NAUTICO SL<\/strong> \u00e9 comunicada a todo o pessoal do respons\u00e1vel pelo tratamento e disponibilizada a todos os interessados.<\/p><p>Consequentemente, a presente Pol\u00edtica de Prote\u00e7\u00e3o de Dados aplica-se a todos os colaboradores do respons\u00e1vel pelo tratamento, que a devem conhecer e cumprir, considerando-a como sua. Cada membro \u00e9 respons\u00e1vel por aplicar e verificar as normas de prote\u00e7\u00e3o de dados aplic\u00e1veis \u200b\u200b\u00e0 sua atividade, bem como identificar e proporcionar as oportunidades de melhoria que considere oportunas com o objetivo de alcan\u00e7ar a excel\u00eancia em conformidade.<\/p><p>A presente Pol\u00edtica ser\u00e1 revista pela Dire\u00e7\u00e3o \/ \u00d3rg\u00e3o de Administra\u00e7\u00e3o da <strong>AMARE TURISMO NAUTICO SL<\/strong>, tantas vezes quantas as que se considerem necess\u00e1rias, para se adaptar, em todo o momento, \u00e0s disposi\u00e7\u00f5es em vigor em mat\u00e9ria de prote\u00e7\u00e3o de dados pessoais.<\/p>\t\t\t\t\t\t\t\t<\/div>\n\t\t\t\t<\/div>\n\t\t\t\t\t<\/div>\n\t\t<\/div>\n\t\t\t\t\t<\/div>\n\t\t<\/section>\n\t\t\t\t<\/div>\n\t\t","protected":false},"excerpt":{"rendered":"<p>O NOSSO COMPROMISSO COM A PROTEC\u00c7\u00c3O DE DADOS PESSOAIS: \u201cPESSOAS INFORMADAS E DADOS PROTEGIDOS\u201d A Dire\u00e7\u00e3o\/\u00d3rg\u00e3o de Administra\u00e7\u00e3o da AMARE TURISMO NAUTICO SL (doravante, o respons\u00e1vel pelo tratamento) assume a m\u00e1xima responsabilidade e compromisso com o estabelecimento, implementa\u00e7\u00e3o e manuten\u00e7\u00e3o desta Pol\u00edtica de Prote\u00e7\u00e3o de Dados, garantindo a melhoria cont\u00ednua do respons\u00e1vel pelo tratamento com [&hellip;]<\/p>\n","protected":false},"author":1,"featured_media":0,"parent":0,"menu_order":0,"comment_status":"closed","ping_status":"closed","template":"","meta":{"footnotes":""},"class_list":["post-28451","page","type-page","status-publish","hentry"],"_links":{"self":[{"href":"https:\/\/reservas.amareturismonautico.com\/pt\/wp-json\/wp\/v2\/pages\/28451","targetHints":{"allow":["GET"]}}],"collection":[{"href":"https:\/\/reservas.amareturismonautico.com\/pt\/wp-json\/wp\/v2\/pages"}],"about":[{"href":"https:\/\/reservas.amareturismonautico.com\/pt\/wp-json\/wp\/v2\/types\/page"}],"author":[{"embeddable":true,"href":"https:\/\/reservas.amareturismonautico.com\/pt\/wp-json\/wp\/v2\/users\/1"}],"replies":[{"embeddable":true,"href":"https:\/\/reservas.amareturismonautico.com\/pt\/wp-json\/wp\/v2\/comments?post=28451"}],"version-history":[{"count":4,"href":"https:\/\/reservas.amareturismonautico.com\/pt\/wp-json\/wp\/v2\/pages\/28451\/revisions"}],"predecessor-version":[{"id":28456,"href":"https:\/\/reservas.amareturismonautico.com\/pt\/wp-json\/wp\/v2\/pages\/28451\/revisions\/28456"}],"wp:attachment":[{"href":"https:\/\/reservas.amareturismonautico.com\/pt\/wp-json\/wp\/v2\/media?parent=28451"}],"curies":[{"name":"wp","href":"https:\/\/api.w.org\/{rel}","templated":true}]}}