{"id":28439,"date":"2023-11-07T11:51:36","date_gmt":"2023-11-07T10:51:36","guid":{"rendered":"https:\/\/reservas.amareturismonautico.com\/condiciones-legales-y-politica-de-privacidad\/"},"modified":"2025-03-31T17:38:39","modified_gmt":"2025-03-31T15:38:39","slug":"legais-e-politica-de-privacidade","status":"publish","type":"page","link":"https:\/\/reservas.amareturismonautico.com\/pt\/legais-e-politica-de-privacidade\/","title":{"rendered":"Condi\u00e7\u00f5es Legais e Pol\u00edtica de Privacidade"},"content":{"rendered":"\t\t<div data-elementor-type=\"wp-page\" data-elementor-id=\"28439\" class=\"elementor elementor-28439 elementor-5386\" data-elementor-post-type=\"page\">\n\t\t\t\t\t\t<section class=\"elementor-section elementor-top-section elementor-element elementor-element-06688e1 elementor-section-boxed elementor-section-height-default elementor-section-height-default\" data-id=\"06688e1\" data-element_type=\"section\" data-e-type=\"section\">\n\t\t\t\t\t\t<div class=\"elementor-container elementor-column-gap-default\">\n\t\t\t\t\t<div class=\"elementor-column elementor-col-100 elementor-top-column elementor-element elementor-element-6be0344\" data-id=\"6be0344\" data-element_type=\"column\" data-e-type=\"column\">\n\t\t\t<div class=\"elementor-widget-wrap elementor-element-populated\">\n\t\t\t\t\t\t<div class=\"elementor-element elementor-element-1365e24 elementor-widget elementor-widget-text-editor\" data-id=\"1365e24\" data-element_type=\"widget\" data-e-type=\"widget\" data-widget_type=\"text-editor.default\">\n\t\t\t\t<div class=\"elementor-widget-container\">\n\t\t\t\t\t\t\t\t\t<p style=\"text-align: center;\"><strong>POL\u00cdTICA DE PRIVACIDADE<\/strong><\/p><p style=\"text-align: center;\"><strong>\u201cOS SEUS DADOS EST\u00c3O SEGUROS\u201d<\/strong><\/p><h1 style=\"text-align: center;\">Informa\u00e7\u00f5es em conformidade com os regulamentos de prote\u00e7\u00e3o de dados pessoais<\/h1><p>Na Europa e em Espanha, existem regulamentos de prote\u00e7\u00e3o de dados concebidos para proteger as suas informa\u00e7\u00f5es pessoais, os quais a nossa organiza\u00e7\u00e3o \u00e9 obrigada a cumprir.<\/p><p>Por conseguinte, \u00e9 muito importante para n\u00f3s que compreenda completamente o que faremos com os dados pessoais que solicitamos.<\/p><p>Desta forma, seremos transparentes e dar-lhe-emos controlo sobre os seus dados, com linguagem simples e op\u00e7\u00f5es claras que lhe permitir\u00e3o decidir o que fazemos com as suas informa\u00e7\u00f5es pessoais.<\/p><p>Por favor, caso tenha alguma d\u00favida depois de ler estas informa\u00e7\u00f5es, n\u00e3o hesite em perguntar-nos.<\/p><p>Muito obrigado pela sua colabora\u00e7\u00e3o.<\/p><p><strong>Quem somos n\u00f3s?<\/strong><\/p><ul><li style=\"list-style-type: none;\"><ul><li>O nosso nome: <strong>AMARE TURISMO NAUTICO SL<\/strong><\/li><li>O nosso CIF \/ NIF: <strong>B94076767<\/strong><\/li><li>A nossa atividade principal:<strong>ALUGUER DE BARCOS PARA TURISMO<\/strong><\/li><li>A nossa morada: <strong>TRAVESIA POMBAL, N\u00ba4, CP 36626, ILLA DE AROUSA (Pontevedra)<\/strong><\/li><li>O nosso n\u00famero de telefone de contacto: <strong>986551609<\/strong><\/li><li>O nosso endere\u00e7o de e-mail de contacto: <strong>info@amareturismonautico.com<\/strong><\/li><\/ul><\/li><\/ul><p>O nosso site: amareturismonautico.com<\/p><ul><li>Para sua confian\u00e7a e seguran\u00e7a, informamos que somos uma entidade inscrita no seguinte Registo Comercial \/ Registo P\u00fablico: <strong>Reg. Merc. Pontevedra, F\u00f3lio 145, Livro 3859 Empresas, 1.\u00ba Registo,<\/strong><strong>Folha n.\u00ba PO-54539, Data 13-03-2013. CIF. B-94076767<\/strong><\/li><\/ul><p><strong>Autoriza\u00e7\u00e3o administrativa:<\/strong><\/p><p><strong>\u00d3rg\u00e3o respons\u00e1vel pela nossa supervis\u00e3o:<\/strong><\/p><p>Estamos ao seu dispor, n\u00e3o hesite em contactar-nos.<\/p><p><strong>Para que utilizaremos os seus dados?<\/strong><\/p><p>De um modo geral, os seus dados pessoais ser\u00e3o utilizados para comunicar consigo e prestar os nossos servi\u00e7os, incluindo o com\u00e9rcio eletr\u00f3nico, tamb\u00e9m conhecido como e-commerce, que consiste na compra e venda de produtos ou servi\u00e7os por meios eletr\u00f3nicos.<\/p><p>Tamb\u00e9m podem ser utilizados para outras atividades, como enviar publicidade ou promover as nossas atividades.<\/p><p><strong>Porque precisamos de utilizar os seus dados?<\/strong><\/p><p>Os seus dados pessoais s\u00e3o necess\u00e1rios para podermos interagir consigo e prestar-lhe os nossos servi\u00e7os, incluindo servi\u00e7os de com\u00e9rcio eletr\u00f3nico. Para tal, iremos fornecer-lhe uma s\u00e9rie de caixas de sele\u00e7\u00e3o que lhe permitir\u00e3o decidir de forma clara e f\u00e1cil como as suas informa\u00e7\u00f5es pessoais ser\u00e3o utilizadas.<\/p><p>Todas as informa\u00e7\u00f5es que solicitamos ser\u00e3o utilizadas para contribuir para o bom desenvolvimento da rela\u00e7\u00e3o de compra do produto que nos une a si. Dados como moradas ou n\u00fameros de telefone, que \u00e0 primeira vista podem parecer n\u00e3o relacionados com a atividade de com\u00e9rcio eletr\u00f3nico, ser\u00e3o utilizados exclusivamente para garantir que pode tirar partido dos produtos adquiridos atrav\u00e9s deste website.<\/p><p>As informa\u00e7\u00f5es fornecidas devem ser verdadeiras para que os servi\u00e7os de com\u00e9rcio eletr\u00f3nico possam ser prestados de forma consistente e eficaz. Tamb\u00e9m seria \u00fatil se atualizasse constantemente as informa\u00e7\u00f5es fornecidas para evitar erros ou confus\u00f5es futuras que possam prejudicar a presta\u00e7\u00e3o adequada dos servi\u00e7os.<\/p><p><strong>Quem saber\u00e1 as informa\u00e7\u00f5es que pedimos?<\/strong><\/p><p>Em termos gerais, apenas o pessoal devidamente autorizado dentro da nossa organiza\u00e7\u00e3o pode aceder \u00e0 informa\u00e7\u00e3o que solicitamos.<\/p><p>Da mesma forma, as entidades que necessitem de ter acesso \u00e0s suas informa\u00e7\u00f5es pessoais para que possamos prestar os nossos servi\u00e7os podem ter acesso \u00e0s suas informa\u00e7\u00f5es pessoais. Por exemplo, o nosso banco saber\u00e1 as suas informa\u00e7\u00f5es se o pagamento dos nossos servi\u00e7os for feito por cart\u00e3o ou transfer\u00eancia banc\u00e1ria.<\/p><p>Da mesma forma, as entidades p\u00fablicas ou privadas \u00e0s quais somos obrigados a fornecer os seus dados pessoais em conformidade com qualquer lei ter\u00e3o conhecimento das suas informa\u00e7\u00f5es. Por exemplo, a Lei Fiscal exige que a Ag\u00eancia Tribut\u00e1ria receba determinadas informa\u00e7\u00f5es sobre transa\u00e7\u00f5es econ\u00f3micas que excedam um determinado montante.<\/p><p>Caso, para al\u00e9m dos casos acima referidos, necessitemos de divulgar as suas informa\u00e7\u00f5es pessoais a outras entidades, solicitaremos a sua autoriza\u00e7\u00e3o pr\u00e9via atrav\u00e9s de op\u00e7\u00f5es claras que lhe permitir\u00e3o decidir a este respeito.<\/p><p><strong>Como protegeremos os seus dados?<\/strong><\/p><p>Protegeremos os seus dados com medidas de seguran\u00e7a eficazes com base nos riscos envolvidos na utiliza\u00e7\u00e3o das suas informa\u00e7\u00f5es.<\/p><p>Para tal, a nossa organiza\u00e7\u00e3o aprovou uma Pol\u00edtica de Prote\u00e7\u00e3o de Dados e s\u00e3o realizados controlos e auditorias anuais para garantir que os seus dados pessoais est\u00e3o sempre seguros.<\/p><p><strong>Enviaremos os seus dados para outros pa\u00edses?<\/strong><\/p><p>H\u00e1 pa\u00edses no mundo que s\u00e3o seguros para os seus dados e outros que n\u00e3o s\u00e3o t\u00e3o seguros. Por exemplo, a Uni\u00e3o Europeia \u00e9 um ambiente seguro para os seus dados. A nossa pol\u00edtica \u00e9 n\u00e3o enviar as suas informa\u00e7\u00f5es pessoais para nenhum pa\u00eds que n\u00e3o seja seguro do ponto de vista da prote\u00e7\u00e3o de dados.<\/p><p>Se, para lhe prestar o servi\u00e7o, for essencial enviar os seus dados para um pa\u00eds que n\u00e3o seja t\u00e3o seguro como Espanha, solicitaremos sempre a sua autoriza\u00e7\u00e3o com anteced\u00eancia e implementaremos medidas de seguran\u00e7a eficazes para reduzir os riscos de enviar as suas informa\u00e7\u00f5es pessoais para outro pa\u00eds.<\/p><p><strong>Durante quanto tempo conservaremos os seus dados?<\/strong><\/p><p>Reteremos os seus dados enquanto durar a nossa rela\u00e7\u00e3o e enquanto formos legalmente obrigados a faz\u00ea-lo. Ap\u00f3s o t\u00e9rmino dos prazos legais aplic\u00e1veis, procederemos \u00e0 sua elimina\u00e7\u00e3o de forma segura e ecologicamente correta.<\/p><p><strong>Quais s\u00e3o os seus direitos de prote\u00e7\u00e3o de dados?<\/strong><\/p><p>Pode contactar-nos a qualquer momento para descobrir que informa\u00e7\u00f5es temos sobre si, corrigi-las se estiverem incorretas e exclu\u00ed-las quando o nosso relacionamento terminar, se for legalmente poss\u00edvel.<\/p><p>Tem tamb\u00e9m o direito de solicitar a transfer\u00eancia das suas informa\u00e7\u00f5es para outra entidade. Este direito \u00e9 designado por \u201cportabilidade\u201d e pode ser \u00fatil em determinadas situa\u00e7\u00f5es.<\/p><p>Para solicitar qualquer um destes direitos, deve enviar um pedido por escrito para o nosso endere\u00e7o, juntamente com uma fotoc\u00f3pia do seu documento de identidade, para que o possamos identificar.<\/p><p>Temos formul\u00e1rios espec\u00edficos dispon\u00edveis nos nossos escrit\u00f3rios para solicitar estes direitos e oferecemos assist\u00eancia para o seu preenchimento.<\/p><p>Para saber mais sobre os seus direitos de prote\u00e7\u00e3o de dados, pode visitar o site da Ag\u00eancia Espanhola de Prote\u00e7\u00e3o de Dados (<a href=\"http:\/\/www.agpd.es\">www.agpd.es<\/a>).<\/p><p><strong>Pode retirar o seu consentimento se mudar de ideias posteriormente?<\/strong><\/p><p>Pode retirar o seu consentimento se mudar de ideias sobre a utiliza\u00e7\u00e3o dos seus dados a qualquer momento.<\/p><p>Por exemplo, se j\u00e1 teve interesse em receber publicidade sobre os nossos produtos ou servi\u00e7os, mas j\u00e1 n\u00e3o deseja receber, pode informar-nos preenchendo o formul\u00e1rio de cancelamento dispon\u00edvel nos nossos escrit\u00f3rios.<\/p><p><strong>Se acredita que os seus direitos foram violados, onde pode apresentar uma queixa?<\/strong><\/p><p>Se acredita que os seus direitos foram violados pela nossa organiza\u00e7\u00e3o, pode apresentar uma queixa junto da Ag\u00eancia Espanhola de Prote\u00e7\u00e3o de Dados atrav\u00e9s de um dos seguintes meios:<\/p><ul><li style=\"list-style-type: none;\"><ul>Sede eletr\u00f3nica: www.agpd.es<\/ul><\/li><\/ul><p>\u00a0<\/p><ul><li style=\"list-style-type: none;\"><ul>Endere\u00e7o postal: Ag\u00eancia Espanhola de Prote\u00e7\u00e3o de Dados<\/ul><\/li><\/ul><p>\u00a0<\/p><ul><li style=\"list-style-type: none;\"><ul>C\/ Jorge Juan, 6<\/ul><\/li><\/ul><p>\u00a0<\/p><ul>28001-Madrid<li>Por telefone: Tel. 901 100 099Tel. 91 266 35 17<\/li><\/ul><p>O registo de uma queixa junto da Ag\u00eancia Espanhola de Prote\u00e7\u00e3o de Dados \u00e9 gratuito e n\u00e3o \u00e9 necess\u00e1ria a assist\u00eancia de um advogado.<\/p><p><strong>Criaremos perfis sobre si?<\/strong><\/p><p>A nossa pol\u00edtica \u00e9 n\u00e3o criar perfis sobre os utilizadores dos nossos servi\u00e7os.<\/p><p>No entanto, podem existir situa\u00e7\u00f5es em que, para a presta\u00e7\u00e3o de servi\u00e7os, marketing ou outros fins, necessitamos de criar perfis de informa\u00e7\u00e3o sobre si. Um exemplo poder\u00e1 ser utilizar o seu hist\u00f3rico de compras ou servi\u00e7os para lhe oferecer produtos ou servi\u00e7os adaptados aos seus gostos ou necessidades.<\/p><p>Nestes casos, implementaremos medidas de seguran\u00e7a eficazes para proteger as suas informa\u00e7\u00f5es em todos os momentos de pessoas n\u00e3o autorizadas que possam tentar utiliz\u00e1-las em seu pr\u00f3prio benef\u00edcio.<\/p><p><strong>Utilizaremos os seus dados para outros fins?<\/strong><\/p><p>A nossa pol\u00edtica \u00e9 n\u00e3o utilizar os seus dados para finalidades diferentes daquelas que lhe explic\u00e1mos. No entanto, se precisarmos de utilizar os seus dados para outras atividades, solicitaremos sempre a sua autoriza\u00e7\u00e3o com anteced\u00eancia, fornecendo op\u00e7\u00f5es claras que lhe permitir\u00e3o decidir.<\/p>\t\t\t\t\t\t\t\t<\/div>\n\t\t\t\t<\/div>\n\t\t\t\t\t<\/div>\n\t\t<\/div>\n\t\t\t\t\t<\/div>\n\t\t<\/section>\n\t\t\t\t<\/div>\n\t\t","protected":false},"excerpt":{"rendered":"<p>POL\u00cdTICA DE PRIVACIDADE \u201cOS SEUS DADOS EST\u00c3O SEGUROS\u201d Informa\u00e7\u00f5es em conformidade com os regulamentos de prote\u00e7\u00e3o de dados pessoais Na Europa e em Espanha, existem regulamentos de prote\u00e7\u00e3o de dados concebidos para proteger as suas informa\u00e7\u00f5es pessoais, os quais a nossa organiza\u00e7\u00e3o \u00e9 obrigada a cumprir. Por conseguinte, \u00e9 muito importante para n\u00f3s que compreenda [&hellip;]<\/p>\n","protected":false},"author":1,"featured_media":0,"parent":0,"menu_order":0,"comment_status":"closed","ping_status":"closed","template":"","meta":{"footnotes":""},"class_list":["post-28439","page","type-page","status-publish","hentry"],"_links":{"self":[{"href":"https:\/\/reservas.amareturismonautico.com\/pt\/wp-json\/wp\/v2\/pages\/28439","targetHints":{"allow":["GET"]}}],"collection":[{"href":"https:\/\/reservas.amareturismonautico.com\/pt\/wp-json\/wp\/v2\/pages"}],"about":[{"href":"https:\/\/reservas.amareturismonautico.com\/pt\/wp-json\/wp\/v2\/types\/page"}],"author":[{"embeddable":true,"href":"https:\/\/reservas.amareturismonautico.com\/pt\/wp-json\/wp\/v2\/users\/1"}],"replies":[{"embeddable":true,"href":"https:\/\/reservas.amareturismonautico.com\/pt\/wp-json\/wp\/v2\/comments?post=28439"}],"version-history":[{"count":5,"href":"https:\/\/reservas.amareturismonautico.com\/pt\/wp-json\/wp\/v2\/pages\/28439\/revisions"}],"predecessor-version":[{"id":28446,"href":"https:\/\/reservas.amareturismonautico.com\/pt\/wp-json\/wp\/v2\/pages\/28439\/revisions\/28446"}],"wp:attachment":[{"href":"https:\/\/reservas.amareturismonautico.com\/pt\/wp-json\/wp\/v2\/media?parent=28439"}],"curies":[{"name":"wp","href":"https:\/\/api.w.org\/{rel}","templated":true}]}}