{"id":28434,"date":"2023-07-13T19:44:22","date_gmt":"2023-07-13T17:44:22","guid":{"rendered":"https:\/\/reservas.amareturismonautico.com\/condiciones-legales-y-privacidad\/"},"modified":"2025-03-31T17:30:51","modified_gmt":"2025-03-31T15:30:51","slug":"legais-e-privacidade","status":"publish","type":"page","link":"https:\/\/reservas.amareturismonautico.com\/pt\/legais-e-privacidade\/","title":{"rendered":"Condi\u00e7\u00f5es legais e privacidade"},"content":{"rendered":"<p>&nbsp;<\/p>\n<p>&nbsp;<\/p>\n<p>&nbsp;<\/p>\n<p>&nbsp;<\/p>\n<p><strong>Informa\u00e7\u00f5es legais:<\/strong><\/p>\n<p>Empresa: Amare Turismo N\u00e1utico S.L.<br \/>\nMorada: Travesia do Pombal n\u00ba4, 36626, Illa de Arousa, Pontevedra<br \/>\nCIF: B94076767<\/p>\n<p>Condi\u00e7\u00f5es Legais e Pol\u00edtica de Privacidade<\/p>\n<p>Informa\u00e7\u00e3o Legal AmareTurismoNautico.es \/ Termos de Utiliza\u00e7\u00e3o, Pol\u00edtica de Privacidade e Prote\u00e7\u00e3o de Dados<\/p>\n<p>O acesso e navega\u00e7\u00e3o no AmareTurismoNautico.es e\/ou a utiliza\u00e7\u00e3o dos servi\u00e7os aqui oferecidos implicam a aceita\u00e7\u00e3o pelo utilizador das pol\u00edticas de privacidade e prote\u00e7\u00e3o de dados, do aviso legal e das condi\u00e7\u00f5es de utiliza\u00e7\u00e3o deste servi\u00e7o. Caso n\u00e3o aceite estes termos, dever\u00e1 abandonar o site AmareTurismoNautico.es.<\/p>\n<p><strong>Pol\u00edtica de prote\u00e7\u00e3o de dados:<\/strong><\/p>\n<p>De acordo com a Lei Org\u00e2nica 15\/1999, de 13 de dezembro, de Prote\u00e7\u00e3o de Dados Pessoais (LOPD), informamos que, ao preencher o formul\u00e1rio de registo no site AmareTurismoNautico.es, os seus dados pessoais ser\u00e3o incorporados e tratados nos ficheiros automatizados da AmareTurismoNautico, enquanto administradora do site AmareTurismoNautico.es. O AmareTurismoNautico tem os seus ficheiros registados na Ag\u00eancia Espanhola de Prote\u00e7\u00e3o de Dados, em conformidade com a legisla\u00e7\u00e3o em vigor.<\/p>\n<p>O principal objetivo deste ficheiro \u00e9 manter os servi\u00e7os web dos nossos utilizadores, facilitar o contacto com os utilizadores, realizar estudos estat\u00edsticos internos, manter o website e enviar newsletters sobre produtos e novos servi\u00e7os fornecidos pelo AmareTurismoNautico.es ou pela empresa que gere o website. Apenas solicitaremos os dados necess\u00e1rios e essenciais para prestar o servi\u00e7o solicitado, sendo que os mesmos ser\u00e3o utilizados apenas para estas finalidades.<\/p>\n<p>A AmareTurismoNautico adotou os n\u00edveis de seguran\u00e7a legalmente exigidos para a prote\u00e7\u00e3o dos dados pessoais e implementou todos os meios e medidas t\u00e9cnicas ao seu alcance para evitar a perda, o uso indevido, a altera\u00e7\u00e3o, o acesso n\u00e3o autorizado e o roubo dos dados pessoais fornecidos. Apesar disso, os utilizadores devem estar cientes de que as medidas de seguran\u00e7a da Internet n\u00e3o s\u00e3o inexpugn\u00e1veis. A AmareTurismoNautico assegura assim a confidencialidade dos dados fornecidos e garante que, em caso algum, os mesmos ser\u00e3o cedidos para qualquer outra utiliza\u00e7\u00e3o sem o consentimento pr\u00e9vio e expresso dos utilizadores. Contudo, poder\u00e1 revelar \u00e0s autoridades p\u00fablicas competentes, caso lhe seja solicitado, dados pessoais e quaisquer outras informa\u00e7\u00f5es em seu poder ou acess\u00edveis por meio de seus sistemas, de acordo com as disposi\u00e7\u00f5es legais e regulamentares aplic\u00e1veis \u200b\u200b\u200b\u200bao caso.<\/p>\n<p>O titular dos dados poder\u00e1 exercer os direitos reconhecidos na LOPD (Lei de Prote\u00e7\u00e3o de Dados) sobre este ficheiro, e em particular, o direito de acesso, retifica\u00e7\u00e3o ou apagamento dos dados e de oposi\u00e7\u00e3o, se for o caso, bem como o direito de revogar o consentimento para a transfer\u00eancia dos seus dados nos termos previstos na LOPD.<\/p>\n<p>Os utilizadores podem aceder, cancelar ou retificar os seus dados pessoais a qualquer momento, contactando-nos atrav\u00e9s do nosso endere\u00e7o de correio eletr\u00f3nico oficina[arroba]AmareTurismoNautico.es ou por correio para a nossa sede social. Pode modificar as suas informa\u00e7\u00f5es pessoais editando-as no painel do utilizador no site AmareTurismoNautico.es.<\/p>\n<p>Os coment\u00e1rios e votos enviados voluntariamente pelos utilizadores n\u00e3o s\u00e3o dados pessoais privados, mas sim dados p\u00fablicos. Est\u00e3o relacionados com os votos e coment\u00e1rios de outros utilizadores. Os gestores do AmareTurismoNautico.es poder\u00e3o conservar estes dados para manter a coer\u00eancia da informa\u00e7\u00e3o publicada e enviada por todos os utilizadores do site.<\/p>\n<p>pol\u00edtica de Privacidade<\/p>\n<p>A nossa pol\u00edtica de privacidade descreve a forma como recolhemos, armazenamos ou utilizamos as informa\u00e7\u00f5es que recolhemos atrav\u00e9s dos v\u00e1rios servi\u00e7os ou p\u00e1ginas dispon\u00edveis neste website. \u00c9 importante que compreenda que informa\u00e7\u00e3o recolhemos e como a utilizamos, pois aceder a este site implica a aceita\u00e7\u00e3o da nossa pol\u00edtica de privacidade.<\/p>\n<p>&#8211; Biscoitos<\/p>\n<p>O acesso a este site pode implicar o uso de cookies. Os cookies s\u00e3o pequenas quantidades de informa\u00e7\u00e3o que s\u00e3o armazenadas no browser utilizado por cada utilizador para que o servidor se recorde de determinada informa\u00e7\u00e3o que pode ser utilizada posteriormente. Estas informa\u00e7\u00f5es permitem-nos identific\u00e1-lo como um utilizador espec\u00edfico e guardar as suas prefer\u00eancias pessoais, bem como informa\u00e7\u00f5es t\u00e9cnicas, como visitas ou p\u00e1ginas espec\u00edficas que visita. As empresas que veiculam an\u00fancios no AmareTurismoNautico.es, ou as que mant\u00eam estat\u00edsticas de acesso, podem utilizar cookies para fins estat\u00edsticos. Os utilizadores podem eliminar ou impedir o envio destes cookies nas op\u00e7\u00f5es do seu navegador.<\/p>\n<p>Mais informa\u00e7\u00f5es sobre cookies est\u00e3o dispon\u00edveis em: http:\/\/es.wikipedia.org\/wiki\/Cookie<\/p>\n<p>Pode encontrar mais informa\u00e7\u00f5es na nossa pol\u00edtica de cookies &#8211; Web Beacons<\/p>\n<p>Este site tamb\u00e9m pode alojar web beacons (tamb\u00e9m conhecidos como web bugs). Os web beacons s\u00e3o normalmente imagens pequenas, vis\u00edveis ou invis\u00edveis, pixel a pixel, colocadas dentro do c\u00f3digo-fonte das p\u00e1ginas web de um website. Os web beacons servem e s\u00e3o utilizados de forma semelhante aos cookies. Al\u00e9m disso, os web beacons s\u00e3o frequentemente utilizados para medir o tr\u00e1fego de utilizadores que visitam um website e para identificar um padr\u00e3o de utilizadores do website.<\/p>\n<p>Mais informa\u00e7\u00e3o sobre os web beacons est\u00e1 dispon\u00edvel em: http:\/\/es.wikipedia.org\/wiki\/Web_bug<\/p>\n<p>&#8211; Terceiros<\/p>\n<p>Em alguns casos, partilhamos informa\u00e7\u00f5es sobre os visitantes deste site, de forma an\u00f3nima ou conjunta, com terceiros, tais como anunciantes, patrocinadores ou auditores, com o \u00fanico prop\u00f3sito de melhorar os nossos servi\u00e7os. Todas estas tarefas de processamento ser\u00e3o reguladas por normas legais, e todos os seus direitos de prote\u00e7\u00e3o de dados ser\u00e3o respeitados de acordo com as regulamenta\u00e7\u00f5es em vigor.<\/p>\n<p>Este site mede o tr\u00e1fego utilizando v\u00e1rias solu\u00e7\u00f5es que podem utilizar cookies ou web beacons para analisar o tr\u00e1fego nas nossas p\u00e1ginas. Atualmente utilizamos as seguintes solu\u00e7\u00f5es para medir o tr\u00e1fego para este site. Pode visualizar mais informa\u00e7\u00f5es sobre a pol\u00edtica de privacidade de cada uma das solu\u00e7\u00f5es utilizadas para o efeito:<\/p>\n<p>Google (Analytics): http:\/\/www.google.com\/intl\/es_ALL\/privacypolicy.html<\/p>\n<p>Este site pode tamb\u00e9m alojar an\u00fancios pr\u00f3prios, de afiliados ou de redes de publicidade. Esta publicidade \u00e9 apresentada atrav\u00e9s de servidores de an\u00fancios que tamb\u00e9m utilizam cookies para exibir conte\u00fado publicit\u00e1rio relevante aos utilizadores. Cada um destes servidores de an\u00fancios tem a sua pr\u00f3pria pol\u00edtica de privacidade, que pode ser visualizada nos seus sites.<\/p>\n<p>Este site aloja atualmente an\u00fancios para:<\/p>\n<p>Google Adsense: http:\/\/www.google.com\/intl\/es_ALL\/privacypolicy.html<\/p>\n<p>A nossa rela\u00e7\u00e3o com os anunciantes \u00e9 como agentes comissionados e n\u00e3o temos acesso aos dados do comprador. \u00c9 importante que reveja a pol\u00edtica de privacidade do anunciante antes de fornecer as suas informa\u00e7\u00f5es pessoais.<\/p>\n<p><strong>Exclus\u00e3o de garantias e responsabilidade<\/strong><\/p>\n<p>Os gestores do AmareTurismoNautico.es n\u00e3o garantem a legalidade, fiabilidade ou utilidade dos conte\u00fados.<\/p>\n<p>O estabelecimento de uma hiperliga\u00e7\u00e3o, liga\u00e7\u00e3o ou troca n\u00e3o implica em caso algum a exist\u00eancia de uma rela\u00e7\u00e3o entre os gestores do AmareTurismoNautico.es e o titular do site com o qual se estabelece, nem a aceita\u00e7\u00e3o e aprova\u00e7\u00e3o dos seus conte\u00fados ou servi\u00e7os.<\/p>\n<p>Os respons\u00e1veis \u200b\u200bpelo AmareTurismoNautico.es eximem-se de qualquer responsabilidade pelos sites vinculados a partir deste site e n\u00e3o podem controlar o aparecimento de sites da Internet cujo conte\u00fado possa ser il\u00edcito, ilegal, contr\u00e1rio \u00e0 moral ou aos bons costumes, ou inapropriado. Os utilizadores devem, portanto, ter extremo cuidado ao avaliar e utilizar as informa\u00e7\u00f5es, o conte\u00fado e os servi\u00e7os dispon\u00edveis nos sites vinculados.<\/p>\n<p>Os respons\u00e1veis \u200b\u200bpelo AmareTurismoNautico.es eximem-se de qualquer responsabilidade pelos coment\u00e1rios e informa\u00e7\u00f5es publicados pelos utilizadores ou terceiros, sendo os utilizadores ou terceiros que os originam os respons\u00e1veis \u200b\u200bpelos mesmos.<\/p>\n<p><strong>Termos de Utiliza\u00e7\u00e3o<\/strong><\/p>\n<p>O utilizador dever\u00e1 abster-se de escrever ou enviar coment\u00e1rios difamat\u00f3rios, racistas, obscenos, pornogr\u00e1ficos, ofensivos ou que promovam o \u00f3dio racial, \u00e9tnico, religioso, homof\u00f3bico ou de g\u00e9nero, ou que contenham viol\u00eancia expl\u00edcita ou incitem \u00e0 viol\u00eancia, ou que afetem a privacidade e\/ou os direitos das crian\u00e7as, ou que violem qualquer lei aplic\u00e1vel.<\/p>\n<p>O utilizador dever\u00e1 abster-se de utilizar qualquer um dos servi\u00e7os oferecidos no AmareTurismoNautico.es com fins ou efeitos il\u00edcitos, lesivos de direitos e interesses de terceiros, ou que possam danificar, inutilizar, sobrecarregar, deteriorar ou impedir a normal utiliza\u00e7\u00e3o dos servi\u00e7os do site, dos equipamentos inform\u00e1ticos ou dos documentos, ficheiros e quaisquer conte\u00fados armazenados no AmareTurismoNautico.es ou em servidores externos vinculados a partir do AmareTurismoNautico.es.<\/p>\n<p>O utilizador dever\u00e1 abster-se de assediar, amea\u00e7ar e obter ou divulgar informa\u00e7\u00f5es privadas de outros utilizadores do site.<\/p>\n<p>O utilizador dever\u00e1 abster-se de utilizar o site com o prop\u00f3sito de promover um site, empresa, rede de blogues, sistema de afiliados, etc. (spam) nos coment\u00e1rios.<\/p>\n<p>O utilizador dever\u00e1 abster-se de utilizar o site para assediar outros utilizadores atrav\u00e9s de coment\u00e1rios obscenos ou que prejudiquem outros utilizadores de qualquer forma.<\/p>\n<p>O incumprimento dos termos de utiliza\u00e7\u00e3o poder\u00e1 resultar no bloqueio da sua conta, na elimina\u00e7\u00e3o e\/ou edi\u00e7\u00e3o do texto ofensivo e na ado\u00e7\u00e3o das medidas e reclama\u00e7\u00f5es adequadas, de acordo com as leis espanholas e europeias.<\/p>\n<p>Para melhorar o servi\u00e7o e minimizar os problemas, a AmareTurismoNautico reserva-se o direito de modificar e atualizar estes termos.<\/p>\n","protected":false},"excerpt":{"rendered":"<p>&nbsp; &nbsp; &nbsp; &nbsp; Informa\u00e7\u00f5es legais: Empresa: Amare Turismo N\u00e1utico S.L. Morada: Travesia do Pombal n\u00ba4, 36626, Illa de Arousa, Pontevedra CIF: B94076767 Condi\u00e7\u00f5es Legais e Pol\u00edtica de Privacidade Informa\u00e7\u00e3o Legal AmareTurismoNautico.es \/ Termos de Utiliza\u00e7\u00e3o, Pol\u00edtica de Privacidade e Prote\u00e7\u00e3o de Dados O acesso e navega\u00e7\u00e3o no AmareTurismoNautico.es e\/ou a utiliza\u00e7\u00e3o dos servi\u00e7os aqui [&hellip;]<\/p>\n","protected":false},"author":1,"featured_media":0,"parent":0,"menu_order":0,"comment_status":"closed","ping_status":"closed","template":"","meta":{"footnotes":""},"class_list":["post-28434","page","type-page","status-publish","hentry"],"_links":{"self":[{"href":"https:\/\/reservas.amareturismonautico.com\/pt\/wp-json\/wp\/v2\/pages\/28434","targetHints":{"allow":["GET"]}}],"collection":[{"href":"https:\/\/reservas.amareturismonautico.com\/pt\/wp-json\/wp\/v2\/pages"}],"about":[{"href":"https:\/\/reservas.amareturismonautico.com\/pt\/wp-json\/wp\/v2\/types\/page"}],"author":[{"embeddable":true,"href":"https:\/\/reservas.amareturismonautico.com\/pt\/wp-json\/wp\/v2\/users\/1"}],"replies":[{"embeddable":true,"href":"https:\/\/reservas.amareturismonautico.com\/pt\/wp-json\/wp\/v2\/comments?post=28434"}],"version-history":[{"count":3,"href":"https:\/\/reservas.amareturismonautico.com\/pt\/wp-json\/wp\/v2\/pages\/28434\/revisions"}],"predecessor-version":[{"id":28437,"href":"https:\/\/reservas.amareturismonautico.com\/pt\/wp-json\/wp\/v2\/pages\/28434\/revisions\/28437"}],"wp:attachment":[{"href":"https:\/\/reservas.amareturismonautico.com\/pt\/wp-json\/wp\/v2\/media?parent=28434"}],"curies":[{"name":"wp","href":"https:\/\/api.w.org\/{rel}","templated":true}]}}