{"id":28423,"date":"2023-07-13T19:48:01","date_gmt":"2023-07-13T17:48:01","guid":{"rendered":"https:\/\/reservas.amareturismonautico.com\/politica-de-cookies\/"},"modified":"2025-03-31T17:15:11","modified_gmt":"2025-03-31T15:15:11","slug":"politica-de-cookies","status":"publish","type":"page","link":"https:\/\/reservas.amareturismonautico.com\/pt\/politica-de-cookies\/","title":{"rendered":"Pol\u00edtica de cookies"},"content":{"rendered":"<div>\n<p>&nbsp;<\/p>\n<p>&nbsp;<\/p>\n<h2>O que s\u00e3o cookies?<\/h2>\n<p>Um cookie \u00e9 um ficheiro que \u00e9 descarregado para o seu computador quando acede a determinados sites. Permitem, entre outras coisas, armazenar e recuperar informa\u00e7\u00e3o sobre os h\u00e1bitos de navega\u00e7\u00e3o de um utilizador ou do seu dispositivo e, dependendo da informa\u00e7\u00e3o armazenada e da forma como utiliza o seu dispositivo, podem ser utilizadas para reconhecer o utilizador.<\/p>\n<h2>Que tipos de cookies utiliza este site?<\/h2>\n<p>&#8211; Cookies de desempenho: Estes cookies s\u00e3o utilizados para melhorar a sua experi\u00eancia de navega\u00e7\u00e3o e otimizar o funcionamento do website. Armazenam as defini\u00e7\u00f5es de servi\u00e7o para que n\u00e3o tenha de reconfigur\u00e1-las sempre que visitar este site.<\/p>\n<p>&#8211; Cookies de an\u00e1lise: s\u00e3o aqueles que, tratados por n\u00f3s ou por terceiros, nos permitem quantificar o n\u00famero de utilizadores e, assim, realizar medi\u00e7\u00f5es e an\u00e1lises estat\u00edsticas sobre a forma como os utilizadores utilizam o servi\u00e7o oferecido. Para isso, analisamos a sua navega\u00e7\u00e3o no nosso site para melhorar os produtos e servi\u00e7os que oferecemos.<\/p>\n<p>&#8211; Cookies de publicidade: s\u00e3o aqueles que, processados \u200b\u200bpor n\u00f3s ou por terceiros, nos permitem gerir os espa\u00e7os publicit\u00e1rios do site da forma mais eficiente poss\u00edvel, adaptando o conte\u00fado do an\u00fancio ao conte\u00fado do servi\u00e7o solicitado ou \u00e0 sua utiliza\u00e7\u00e3o do nosso site. Para tal, podemos analisar os seus h\u00e1bitos de navega\u00e7\u00e3o na Internet e mostrar-lhe an\u00fancios relacionados com o seu perfil de navega\u00e7\u00e3o.<\/p>\n<h2>Como gerir os cookies do seu browser<\/h2>\n<p>Pode permitir, bloquear ou eliminar cookies instalados no seu computador configurando as op\u00e7\u00f5es do navegador instalado no seu computador.<\/p>\n<p>Internet Explorer\u2122:<\/p>\n<p>Vers\u00e3o 5<br \/>\n<a href=\"http:\/\/support.microsoft.com\/kb\/196955\/en-US\" target=\"_blank\" rel=\"noopener\">http:\/\/support.microsoft.com\/kb\/196955\/en-US<\/a><\/p>\n<p>Vers\u00e3o 6<br \/>\n<a href=\"http:\/\/support.microsoft.com\/kb\/283185\/en-US\" target=\"_blank\" rel=\"noopener\">http:\/\/support.microsoft.com\/kb\/283185\/en-US<\/a><\/p>\n<p>Vers\u00e3o 7 e 8<br \/>\n<a href=\"http:\/\/windows.microsoft.com\/pt-BR\/windows-vista\/Bloquear-ou-permitir-cookies\" target=\"_blank\" rel=\"noopener\">http:\/\/windows.microsoft.com\/pt-BR\/windows-vista\/Bloquear-ou-permitir-cookies<\/a><\/p>\n<p>Vers\u00e3o 9<br \/>\n<a href=\"http:\/\/windows.microsoft.com\/pt-BR\/windows7\/Como-gerenciar-cookies-no-Internet-Explorer-9\" target=\"_blank\" rel=\"noopener\">http:\/\/windows.microsoft.com\/pt-BR\/windows7\/Como-gerenciar-cookies-no-Internet-Explorer-9<\/a><\/p>\n<p>Safari\u2122:<br \/>\n<a href=\"http:\/\/support.apple.com\/kb\/PH5042?viewlocale=en_US\" target=\"_blank\" rel=\"noopener\">http:\/\/support.apple.com\/kb\/PH5042?viewlocale=en_US<\/a> <a href=\"http:\/\/support.apple.com\/kb\/HT1677?viewlocale=en_US\" target=\"_blank\" rel=\"noopener\">http :\/\/support.apple.com\/kb\/HT1677?viewlocale=en_US<\/a><\/p>\n<p>Google\u2122 <a href=\"https:\/\/support.google.com\/chrome\/answer\/95647?hl=es&amp;hlrm=en\" target=\"_blank\" rel=\"noopener\">https:\/\/support.google.com\/chrome\/answer\/95647?hl=es&amp;hlrm=en<\/a><\/p>\n<p>Firefox\u2122:<br \/>\n<a href=\"http:\/\/support.mozilla.org\/pt-BR\/kb\/informa\u00e7\u00f5es-sobre-cookies-prefer\u00eancias-do-site-configura\u00e7\u00f5es-prefer\u00eancias?redirectlocale=pt-BR&amp;redirectslug=Cookies\" target=\"_blank\" rel=\"noopener\">http:\/\/support.mozilla.org\/pt-BR\/kb\/informa\u00e7\u00f5es-sobre-cookies-prefer\u00eancias-do-site-configura\u00e7\u00f5es-p refer\u00eancias?redirectlocale=pt-PT&amp;redirectslug=Cookies<\/a><\/p>\n<p>\u00d3pera\u2122:<br \/>\n<a href=\"http:\/\/help.opera.com\/Windows\/11.50\/en-US\/cookies.html\" target=\"_blank\" rel=\"noopener\">http:\/\/help.opera.com\/Windows\/11.50\/en-US\/cookies.html<\/a><\/p>\n<p>Andr\u00f3ide<br \/>\n<a href=\"http:\/\/support.google.com\/android\/?hl=es\" target=\"_blank\" rel=\"noopener\">http:\/\/support.google.com\/android\/?hl=es<\/a><\/p>\n<p>Telefone Windows<br \/>\n<a href=\"http:\/\/www.windowsphone.com\/pt-BR\/como-fazer\/wp7\/web\/alterando-a-privacidade-e-outras-configura\u00e7\u00f5es-do-navegador\" target=\"_blank\" rel=\"noopener\">http:\/\/www.windowsphone.com\/pt-BR\/como-fazer\/wp7\/web\/alterando-a-privacidade-e-outras-configura\u00e7\u00f5es-do-navegador<\/a><\/p>\n<p>Blackberry<br \/>\n<a href=\"http:\/\/docs.blackberry.com\/en\/smartphone_users\/deliverables\/18578\/Desativar_cookies_no_navegador_60_1072866_11.jsp\" target=\"_blank\" rel=\"noopener\">http:\/\/docs.blackberry.com\/en\/smartphone_users\/deliverables\/18578\/Desativar_cookies_ no_navegador_60_1072866_11.jsp<\/a><\/p>\n<h2>Aceitando Bolachas<\/h2>\n<p>Se continuar a navegar ap\u00f3s ser informado sobre a Pol\u00edtica de Cookies, compreenderemos que aceita o uso de cookies pelo website e aplica\u00e7\u00f5es. No entanto, se desejar, pode alterar as suas defini\u00e7\u00f5es de cookies a qualquer momento, configurando o seu navegador para aceitar ou rejeitar os cookies que recebe, ou configurando o navegador para o notificar quando um servidor quiser guardar um cookie.<\/p>\n<p>Informamos que se bloquear ou recusar a instala\u00e7\u00e3o de cookies, determinados servi\u00e7os poder\u00e3o n\u00e3o estar dispon\u00edveis sem os mesmos, ou poder\u00e1 n\u00e3o conseguir aceder a determinados servi\u00e7os ou tirar o m\u00e1ximo partido de tudo o que os nossos websites e aplica\u00e7\u00f5es oferecem. Para al\u00e9m dos nossos pr\u00f3prios cookies, permitimos que terceiros definam e acedam a cookies no seu computador. O consentimento para a utiliza\u00e7\u00e3o de cookies destas empresas est\u00e1 ligado \u00e0 navega\u00e7\u00e3o neste site.<\/p>\n<p>Agradecemos o seu consentimento para aceitar cookies, isto ajuda-nos a obter dados mais precisos que nos permitem melhorar o conte\u00fado.<\/p>\n<p>Se este site prestar qualquer servi\u00e7o especial que especifique disposi\u00e7\u00f5es espec\u00edficas que sejam diferentes destas em rela\u00e7\u00e3o \u00e0 prote\u00e7\u00e3o de dados pessoais e \u00e0 utiliza\u00e7\u00e3o de cookies, as regras espec\u00edficas indicadas para esse servi\u00e7o espec\u00edfico prevalecer\u00e3o sobre estas.<\/p>\n<p>Ao aceder a este site ou aplica\u00e7\u00e3o pela primeira vez, ver\u00e1 uma janela a informar sobre a utiliza\u00e7\u00e3o de cookies e onde poder\u00e1 consultar esta &#8220;Pol\u00edtica de Cookies&#8221;. Se consentir na utiliza\u00e7\u00e3o de cookies, continuar a navegar ou clicar em qualquer liga\u00e7\u00e3o, compreenderemos que consentiu na nossa pol\u00edtica de cookies e, portanto, na instala\u00e7\u00e3o de cookies no seu computador ou dispositivo.<\/p>\n<h2>Devemos atualizar a nossa Pol\u00edtica de Cookies?<\/h2>\n<p>Podemos atualizar a nossa Pol\u00edtica de Cookies, pelo que recomendamos que reveja esta pol\u00edtica sempre que aceder ao nosso Site para garantir que est\u00e1 totalmente informado sobre como e por que raz\u00e3o utilizamos cookies neste site. A nossa Pol\u00edtica de Cookies foi atualizada pela \u00faltima vez em 27 de agosto de 2013.<\/p>\n<\/div>\n","protected":false},"excerpt":{"rendered":"<p>&nbsp; &nbsp; O que s\u00e3o cookies? Um cookie \u00e9 um ficheiro que \u00e9 descarregado para o seu computador quando acede a determinados sites. Permitem, entre outras coisas, armazenar e recuperar informa\u00e7\u00e3o sobre os h\u00e1bitos de navega\u00e7\u00e3o de um utilizador ou do seu dispositivo e, dependendo da informa\u00e7\u00e3o armazenada e da forma como utiliza o seu [&hellip;]<\/p>\n","protected":false},"author":1,"featured_media":0,"parent":0,"menu_order":0,"comment_status":"closed","ping_status":"closed","template":"","meta":{"footnotes":""},"class_list":["post-28423","page","type-page","status-publish","hentry"],"_links":{"self":[{"href":"https:\/\/reservas.amareturismonautico.com\/pt\/wp-json\/wp\/v2\/pages\/28423","targetHints":{"allow":["GET"]}}],"collection":[{"href":"https:\/\/reservas.amareturismonautico.com\/pt\/wp-json\/wp\/v2\/pages"}],"about":[{"href":"https:\/\/reservas.amareturismonautico.com\/pt\/wp-json\/wp\/v2\/types\/page"}],"author":[{"embeddable":true,"href":"https:\/\/reservas.amareturismonautico.com\/pt\/wp-json\/wp\/v2\/users\/1"}],"replies":[{"embeddable":true,"href":"https:\/\/reservas.amareturismonautico.com\/pt\/wp-json\/wp\/v2\/comments?post=28423"}],"version-history":[{"count":3,"href":"https:\/\/reservas.amareturismonautico.com\/pt\/wp-json\/wp\/v2\/pages\/28423\/revisions"}],"predecessor-version":[{"id":28426,"href":"https:\/\/reservas.amareturismonautico.com\/pt\/wp-json\/wp\/v2\/pages\/28423\/revisions\/28426"}],"wp:attachment":[{"href":"https:\/\/reservas.amareturismonautico.com\/pt\/wp-json\/wp\/v2\/media?parent=28423"}],"curies":[{"name":"wp","href":"https:\/\/api.w.org\/{rel}","templated":true}]}}