{"id":31097,"date":"2023-07-07T17:42:54","date_gmt":"2023-07-07T15:42:54","guid":{"rendered":"https:\/\/reservas.amareturismonautico.com\/producto\/taxi-areoso\/"},"modified":"2025-08-05T15:03:17","modified_gmt":"2025-08-05T13:03:17","slug":"taxi-nach-areoso","status":"publish","type":"product","link":"https:\/\/reservas.amareturismonautico.com\/de\/produkt\/taxi-nach-areoso\/","title":{"rendered":"Taxi nach Areoso"},"content":{"rendered":"\t\t<div data-elementor-type=\"product-post\" data-elementor-id=\"31097\" class=\"elementor elementor-31097 elementor-434\" data-elementor-post-type=\"product\">\n\t\t\t\t\t\t<section class=\"elementor-section elementor-top-section elementor-element elementor-element-6487308 elementor-section-boxed elementor-section-height-default elementor-section-height-default\" data-id=\"6487308\" data-element_type=\"section\" data-e-type=\"section\">\n\t\t\t\t\t\t<div class=\"elementor-container elementor-column-gap-default\">\n\t\t\t\t\t<div class=\"elementor-column elementor-col-100 elementor-top-column elementor-element elementor-element-e06d9a4\" data-id=\"e06d9a4\" data-element_type=\"column\" data-e-type=\"column\">\n\t\t\t<div class=\"elementor-widget-wrap elementor-element-populated\">\n\t\t\t\t\t\t<div class=\"elementor-element elementor-element-ffcf5d1 elementor-widget elementor-widget-woocommerce-product-title elementor-page-title elementor-widget-heading\" data-id=\"ffcf5d1\" data-element_type=\"widget\" data-e-type=\"widget\" data-widget_type=\"woocommerce-product-title.default\">\n\t\t\t\t<div class=\"elementor-widget-container\">\n\t\t\t\t\t<h1 class=\"product_title entry-title elementor-heading-title elementor-size-default\">Taxi nach Areoso<\/h1>\t\t\t\t<\/div>\n\t\t\t\t<\/div>\n\t\t\t\t\t<\/div>\n\t\t<\/div>\n\t\t\t\t\t<\/div>\n\t\t<\/section>\n\t\t\t\t<section class=\"elementor-section elementor-top-section elementor-element elementor-element-6248203 elementor-section-boxed elementor-section-height-default elementor-section-height-default\" data-id=\"6248203\" data-element_type=\"section\" data-e-type=\"section\">\n\t\t\t\t\t\t<div class=\"elementor-container elementor-column-gap-default\">\n\t\t\t\t\t<div class=\"elementor-column elementor-col-100 elementor-top-column elementor-element elementor-element-10c9d51\" data-id=\"10c9d51\" data-element_type=\"column\" data-e-type=\"column\">\n\t\t\t<div class=\"elementor-widget-wrap elementor-element-populated\">\n\t\t\t\t\t\t<div class=\"elementor-element elementor-element-6ad9476 elementor-widget elementor-widget-text-editor\" data-id=\"6ad9476\" data-element_type=\"widget\" data-e-type=\"widget\" data-widget_type=\"text-editor.default\">\n\t\t\t\t<div class=\"elementor-widget-container\">\n\t\t\t\t\t\t\t\t\t<p>&#8222;Est\u00e1s haciendo una pre-reserva para visitar Areoso que depende de disponibilidad de plazas en seg\u00fan cupos establecidos por la Xunta de Galicia diarios, por lo que esta compra no garantiza la plaza. De todos modos confirmaremos disponibilidad una vez recibida su petici\u00f3n, y en caso de no haber disponibilidad se devolver\u00e1 el importe de la misma. Para tener m\u00e1s posibilidades de reserva recomendamos elegir en horarios &#8222;Podr\u00eda adaptarme seg\u00fan disponibilidad de plazas&#8220; para poder buscar el horario en el que hay plazas disponibles.&#8220;<\/p>\t\t\t\t\t\t\t\t<\/div>\n\t\t\t\t<\/div>\n\t\t\t\t\t<\/div>\n\t\t<\/div>\n\t\t\t\t\t<\/div>\n\t\t<\/section>\n\t\t\t\t<section class=\"elementor-section elementor-top-section elementor-element elementor-element-161f761 elementor-section-boxed elementor-section-height-default elementor-section-height-default\" data-id=\"161f761\" data-element_type=\"section\" data-e-type=\"section\">\n\t\t\t\t\t\t<div class=\"elementor-container elementor-column-gap-default\">\n\t\t\t\t\t<div class=\"elementor-column elementor-col-100 elementor-top-column elementor-element elementor-element-17fc91c\" data-id=\"17fc91c\" data-element_type=\"column\" data-e-type=\"column\">\n\t\t\t<div class=\"elementor-widget-wrap elementor-element-populated\">\n\t\t\t\t\t\t<div class=\"elementor-element elementor-element-c2702d9 elementor-widget elementor-widget-image\" data-id=\"c2702d9\" data-element_type=\"widget\" data-e-type=\"widget\" data-widget_type=\"image.default\">\n\t\t\t\t<div class=\"elementor-widget-container\">\n\t\t\t\t\t\t\t\t\t\t\t\t\t\t\t<img fetchpriority=\"high\" decoding=\"async\" width=\"1920\" height=\"1081\" src=\"https:\/\/reservas.amareturismonautico.com\/wp-content\/uploads\/2023\/07\/taxi-areoso.jpg\" class=\"attachment-full size-full wp-image-430\" alt=\"\" srcset=\"https:\/\/reservas.amareturismonautico.com\/wp-content\/uploads\/2023\/07\/taxi-areoso.jpg 1920w, https:\/\/reservas.amareturismonautico.com\/wp-content\/uploads\/2023\/07\/taxi-areoso-600x338.jpg 600w, https:\/\/reservas.amareturismonautico.com\/wp-content\/uploads\/2023\/07\/taxi-areoso-300x169.jpg 300w, https:\/\/reservas.amareturismonautico.com\/wp-content\/uploads\/2023\/07\/taxi-areoso-1024x577.jpg 1024w, https:\/\/reservas.amareturismonautico.com\/wp-content\/uploads\/2023\/07\/taxi-areoso-768x432.jpg 768w, https:\/\/reservas.amareturismonautico.com\/wp-content\/uploads\/2023\/07\/taxi-areoso-1536x865.jpg 1536w\" sizes=\"(max-width: 1920px) 100vw, 1920px\" \/>\t\t\t\t\t\t\t\t\t\t\t\t\t\t\t<\/div>\n\t\t\t\t<\/div>\n\t\t\t\t\t<\/div>\n\t\t<\/div>\n\t\t\t\t\t<\/div>\n\t\t<\/section>\n\t\t\t\t<\/div>\n\t\t","protected":false},"excerpt":{"rendered":"<p><strong>Vorreservierung des Areoso-Taxidienstes<\/strong><\/p>\n<p>Die Best\u00e4tigung Ihrer Vorreservierung unterliegt der Verf\u00fcgbarkeit auf Areoso Island sowie der Betriebskapazit\u00e4t unseres Unternehmens. Wir versprechen, Sie innerhalb von 24 Stunden nach der Reservierung \u00fcber den Status zu informieren. <strong>Wir k\u00fcmmern uns f\u00fcr Sie um die Genehmigung<\/strong> und senden diese schnellstm\u00f6glich an Sie zu.<\/p>\n<p><strong>Erforderliche Angaben:<\/strong> Um Ihre Vorreservierung abzuschlie\u00dfen, ist es zwingend erforderlich, dass Sie f\u00fcr <strong>alle <\/strong>Teilnehmer folgende Angaben machen:<\/p>\n<ul>\n<li>Vollst\u00e4ndige Namen.<\/li>\n<li>Land.<\/li>\n<li>Geburtsdatum.<\/li>\n<li>DNI-Nummer.<\/li>\n<\/ul>\n<p>&nbsp;<\/p>\n<p>W\u00e4hlen Sie als N\u00e4chstes Ihren bevorzugten Tag und Ihre bevorzugte Uhrzeit aus. Wir empfehlen, die letztere Option zu w\u00e4hlen, um leichter Pl\u00e4tze zu sichern.<\/p>\n<p>Wenn Sie innerhalb von 5 Tagen einen Termin buchen m\u00f6chten, kontaktieren Sie uns bitte direkt \u00fcber <a href=\"https:\/\/wa.me\/+34650410322\">WhatsApp<\/a>, um die Verf\u00fcgbarkeit zu pr\u00fcfen.<\/p>\n<p><strong>Vielen Dank, dass Sie sich f\u00fcr uns entschieden haben!<\/strong><\/p>\n","protected":false},"featured_media":31098,"template":"","meta":[],"product_brand":[],"product_cat":[80],"product_tag":[],"class_list":{"0":"post-31097","1":"product","2":"type-product","3":"status-publish","4":"has-post-thumbnail","6":"product_cat-general-de","8":"first","9":"instock","10":"virtual","11":"taxable","12":"purchasable","13":"product-type-simple"},"_links":{"self":[{"href":"https:\/\/reservas.amareturismonautico.com\/de\/wp-json\/wp\/v2\/product\/31097","targetHints":{"allow":["GET"]}}],"collection":[{"href":"https:\/\/reservas.amareturismonautico.com\/de\/wp-json\/wp\/v2\/product"}],"about":[{"href":"https:\/\/reservas.amareturismonautico.com\/de\/wp-json\/wp\/v2\/types\/product"}],"version-history":[{"count":3,"href":"https:\/\/reservas.amareturismonautico.com\/de\/wp-json\/wp\/v2\/product\/31097\/revisions"}],"predecessor-version":[{"id":31111,"href":"https:\/\/reservas.amareturismonautico.com\/de\/wp-json\/wp\/v2\/product\/31097\/revisions\/31111"}],"wp:featuredmedia":[{"embeddable":true,"href":"https:\/\/reservas.amareturismonautico.com\/de\/wp-json\/wp\/v2\/media\/31098"}],"wp:attachment":[{"href":"https:\/\/reservas.amareturismonautico.com\/de\/wp-json\/wp\/v2\/media?parent=31097"}],"wp:term":[{"taxonomy":"product_brand","embeddable":true,"href":"https:\/\/reservas.amareturismonautico.com\/de\/wp-json\/wp\/v2\/product_brand?post=31097"},{"taxonomy":"product_cat","embeddable":true,"href":"https:\/\/reservas.amareturismonautico.com\/de\/wp-json\/wp\/v2\/product_cat?post=31097"},{"taxonomy":"product_tag","embeddable":true,"href":"https:\/\/reservas.amareturismonautico.com\/de\/wp-json\/wp\/v2\/product_tag?post=31097"}],"curies":[{"name":"wp","href":"https:\/\/api.w.org\/{rel}","templated":true}]}}