{"id":31033,"date":"2023-07-14T19:24:12","date_gmt":"2023-07-14T17:24:12","guid":{"rendered":"https:\/\/reservas.amareturismonautico.com\/politica-de-reservas\/"},"modified":"2025-09-03T13:25:58","modified_gmt":"2025-09-03T11:25:58","slug":"reservierungsbedingungen","status":"publish","type":"page","link":"https:\/\/reservas.amareturismonautico.com\/de\/reservierungsbedingungen\/","title":{"rendered":"Reservierungsbedingungen"},"content":{"rendered":"\t\t<div data-elementor-type=\"wp-page\" data-elementor-id=\"31033\" class=\"elementor elementor-31033 elementor-1082\" data-elementor-post-type=\"page\">\n\t\t\t\t\t\t<section class=\"elementor-section elementor-top-section elementor-element elementor-element-69a4694 elementor-section-boxed elementor-section-height-default elementor-section-height-default\" data-id=\"69a4694\" data-element_type=\"section\" data-e-type=\"section\">\n\t\t\t\t\t\t<div class=\"elementor-container elementor-column-gap-default\">\n\t\t\t\t\t<div class=\"elementor-column elementor-col-100 elementor-top-column elementor-element elementor-element-1895f4d\" data-id=\"1895f4d\" data-element_type=\"column\" data-e-type=\"column\">\n\t\t\t<div class=\"elementor-widget-wrap elementor-element-populated\">\n\t\t\t\t\t\t<div class=\"elementor-element elementor-element-9bfe143 elementor-widget elementor-widget-text-editor\" data-id=\"9bfe143\" data-element_type=\"widget\" data-e-type=\"widget\" data-widget_type=\"text-editor.default\">\n\t\t\t\t<div class=\"elementor-widget-container\">\n\t\t\t\t\t\t\t\t\t<p style=\"text-align: center;\"><strong>ALLGEMEINE RESERVIERUNGSBEDINGUNGEN UND -BEDINGUNGEN<\/strong><\/p><p data-start=\"128\" data-end=\"182\"><strong>\u00a0RESERVIERUNGEN<\/strong><\/p><ol data-start=\"184\" data-end=\"1009\"><li data-start=\"184\" data-end=\"1009\"><p data-start=\"187\" data-end=\"522\"><strong data-start=\"187\" data-end=\"206\">Geltungsbereich<\/strong><br data-start=\"206\" data-end=\"209\" \/>Die hier aufgef\u00fchrten Bedingungen sowie die gegebenenfalls zwischen den Parteien getroffenen Sondervereinbarungen regeln die Beziehungen zwischen <strong data-start=\"358\" data-end=\"389\">AMARE TURISMO N\u00c1UTICO, S.L.<\/strong> (im Folgenden \u201edas Unternehmen\u201c) und den Nutzern der angebotenen Dienstleistungen (im Folgenden \u201eder Kunde\u201c oder \u201eder Passagier\u201c).<\/p><p data-start=\"527\" data-end=\"848\">Bei der Erstellung dieser Bedingungen wurden die geltenden spanischen Rechtsvorschriften ber\u00fccksichtigt, insbesondere das <strong data-start=\"649\" data-end=\"702\">K\u00f6nigliche Gesetzesdekret 1\/2007 vom 16. November<\/strong>, mit dem der konsolidierte Text des Allgemeinen Gesetzes zum Schutz der Verbraucher und Nutzer sowie andere erg\u00e4nzende Gesetze genehmigt wurde.<\/p><p data-start=\"853\" data-end=\"1009\">Die Passagiere akzeptieren ausdr\u00fccklich die Bedingungen und Konditionen der angebotenen nautischen Dienstleistungen, insbesondere die hierin festgelegten.<\/p><\/li><li data-start=\"1016\" data-end=\"1720\"><p data-start=\"1019\" data-end=\"1720\"><strong data-start=\"1019\" data-end=\"1063\">Allgemeine Merkmale der Dienstleistungen<\/strong><br data-start=\"1063\" data-end=\"1066\" \/>2.1. Zweck des Unternehmens ist die Erbringung verschiedener nautischer Dienstleistungen.<br data-start=\"1158\" data-end=\"1161\" \/>2.2. Diese Website informiert die Kunden \u00fcber die verschiedenen vom Unternehmen angebotenen und vermarkteten Dienstleistungen.<br data-start=\"1290\" data-end=\"1293\" \/>2.3. Buchungen und alle Reservierungsvorg\u00e4nge erfolgen per E-Mail an <strong data-start=\"1365\" data-end=\"1397\"><a class=\"decorated-link cursor-pointer\" rel=\"noopener\" data-start=\"1367\" data-end=\"1395\">info@amareturismonautico.com<\/a><\/strong> oder telefonisch unter <strong data-start=\"1421\" data-end=\"1440\">+34 650 410 322<\/strong>.<br data-start=\"1441\" data-end=\"1444\" \/>2.4. Die Verf\u00fcgbarkeit der auf dieser Website angebotenen Dienstleistungen muss zuvor mit dem Unternehmen \u00fcber die ebenfalls auf der Website angegebenen autorisierten Kan\u00e4le \u00fcberpr\u00fcft werden.<br data-start=\"1638\" data-end=\"1641\" \/>2.5. Ein Ticket ist nur f\u00fcr das aufgedruckte Datum und die Uhrzeit g\u00fcltig.<\/p><\/li><\/ol><ol start=\"3\" data-start=\"1727\" data-end=\"2628\"><li data-start=\"1727\" data-end=\"2628\"><p data-start=\"1730\" data-end=\"2628\"><strong data-start=\"1730\" data-end=\"1739\">Preis<\/strong><br data-start=\"1739\" data-end=\"1742\" \/>3.1. Die Preise der auf dieser Website angebotenen nautischen Routen sind in ihrer g\u00fcnstigsten Option angegeben und bleiben g\u00fcltig, solange sie f\u00fcr die Kunden zug\u00e4nglich sind. Der Preis f\u00fcr angefragte nautische Dienstleistungen, die nicht auf dieser Website aufgef\u00fchrt sind, entspricht dem in dem \u00fcber unsere elektronischen Kan\u00e4le \u00fcbermittelten Kostenvoranschlag.<br data-start=\"2108\" data-end=\"2111\" \/>3.2. Der Preis kann je nach Anzahl der Passagiere, die letztlich an der Fahrt teilnehmen, variieren.<br data-start=\"2214\" data-end=\"2217\" \/>3.3. Der Preis muss \u00fcberpr\u00fcft werden. Die Passagiere werden rechtzeitig \u00fcber den endg\u00fcltig geltenden Tarif informiert.<br data-start=\"2338\" data-end=\"2341\" \/>3.4. Das Unternehmen beh\u00e4lt sich das Recht vor, Preise anzupassen, um m\u00f6gliche Kosten\u00e4nderungen auszugleichen. Diese Umst\u00e4nde werden allen best\u00e4tigten Reservierungen mitgeteilt. Die Kunden k\u00f6nnen w\u00e4hlen, ob sie ihre Reservierung ohne Strafe stornieren oder aufrechterhalten m\u00f6chten.<\/p><\/li><\/ol><ol start=\"4\" data-start=\"2635\" data-end=\"3219\"><li data-start=\"2635\" data-end=\"3219\"><p data-start=\"2638\" data-end=\"3219\"><strong data-start=\"2638\" data-end=\"2655\">Zahlungsarten<\/strong><br data-start=\"2655\" data-end=\"2658\" \/>4.1. Die Passagiere k\u00f6nnen ihre Zahlungen per Bank\u00fcberweisung, Kreditkarte, Bargeld oder durch jede andere zwischen den Parteien vereinbarte Methode leisten.<br data-start=\"2818\" data-end=\"2821\" \/>4.2. Zur Best\u00e4tigung der Reservierung ist eine Zahlung erforderlich. Die Reservierung gilt erst dann als endg\u00fcltig, wenn die Zahlung erfolgt ist.<br data-start=\"2969\" data-end=\"2972\" \/>4.3. Erfolgt die Zahlung durch den Kunden nicht innerhalb von 5 Tagen nach Zusendung der Reservierungsbest\u00e4tigung, ist das Unternehmen berechtigt, die Reservierung zu stornieren und die entsprechenden Verwaltungskosten in Rechnung zu stellen.<\/p><\/li><\/ol><ol start=\"5\" data-start=\"3226\" data-end=\"3887\"><li data-start=\"3226\" data-end=\"3887\"><p data-start=\"3229\" data-end=\"3325\"><strong data-start=\"3229\" data-end=\"3259\">Stornierungen durch Kunden<\/strong><br data-start=\"3259\" data-end=\"3262\" \/>5.1. Die Stornierungsgeb\u00fchren f\u00fcr Reservierungen betragen:<\/p><ul data-start=\"3329\" data-end=\"3656\"><li data-start=\"3329\" data-end=\"3392\"><p data-start=\"3331\" data-end=\"3392\">Stornierungen mehr als 30 Tage im Voraus: keine Geb\u00fchr.<\/p><\/li><li data-start=\"3396\" data-end=\"3468\"><p data-start=\"3398\" data-end=\"3468\">Stornierungen zwischen 30 und 15 Tagen vor Abreise: 50 % Geb\u00fchr.<\/p><\/li><li data-start=\"3472\" data-end=\"3562\"><p data-start=\"3474\" data-end=\"3562\">Stornierungen innerhalb von 15 Tagen vor Abreise oder am selben Tag: 100 % Geb\u00fchr.<\/p><\/li><li data-start=\"3566\" data-end=\"3656\"><p data-start=\"3568\" data-end=\"3656\">Stornierungen aufgrund h\u00f6herer Gewalt mit entsprechender Begr\u00fcndung: keine Geb\u00fchr.<\/p><\/li><\/ul><p data-start=\"3661\" data-end=\"3887\">5.2. Stornierungen m\u00fcssen schriftlich per E-Mail an <a class=\"decorated-link cursor-pointer\" rel=\"noopener\" data-start=\"3715\" data-end=\"3743\">info@amareturismonautico.com<\/a> erfolgen.<br data-start=\"3755\" data-end=\"3758\" \/>5.3. Reservierungen f\u00fcr Fahrten nach Areoso sind nach Erteilung der erforderlichen Genehmigungen nicht erstattungsf\u00e4hig.<\/p><\/li><\/ol><ol start=\"6\" data-start=\"3894\" data-end=\"5236\"><li data-start=\"3894\" data-end=\"5236\"><p data-start=\"3897\" data-end=\"4224\"><strong data-start=\"3897\" data-end=\"3933\">\u00c4nderungen durch das Unternehmen<\/strong><br data-start=\"3933\" data-end=\"3936\" \/>6.1. Das Unternehmen beh\u00e4lt sich das Recht vor, Aktivit\u00e4ten bei h\u00f6herer Gewalt oder aus Sicherheitsgr\u00fcnden zu \u00e4ndern.<br data-start=\"4056\" data-end=\"4059\" \/>6.2. Wenn die \u00c4nderung wesentlich ist, informiert das Unternehmen den Kunden schriftlich, sobald es davon Kenntnis erlangt. Der Kunde kann dann w\u00e4hlen zwischen:<\/p><ul data-start=\"4228\" data-end=\"4601\"><li data-start=\"4228\" data-end=\"4308\"><p data-start=\"4230\" data-end=\"4308\">Annahme der \u00c4nderung mit den neuen Bedingungen und dem entsprechenden Preis.<\/p><\/li><li data-start=\"4312\" data-end=\"4390\"><p data-start=\"4314\" data-end=\"4390\">Stornierung der Reservierung mit vollst\u00e4ndiger R\u00fcckerstattung ohne Strafe.<\/p><\/li><li data-start=\"4394\" data-end=\"4601\"><p data-start=\"4396\" data-end=\"4601\">Wechsel zu einer anderen nautischen Aktivit\u00e4t mit gleichen Merkmalen oder zu einer h\u00f6her- oder niedrigwertigen mit entsprechender Preisanpassung (Erh\u00f6hung oder Verringerung), vorbehaltlich Verf\u00fcgbarkeit.<\/p><\/li><\/ul><p data-start=\"4606\" data-end=\"5236\">6.3. Der Kunde muss seine Entscheidung innerhalb von 3 Tagen nach Erhalt der Mitteilung schriftlich mitteilen. Erfolgt keine Antwort, gilt dies als Stornierung ohne Strafe.<br data-start=\"4778\" data-end=\"4781\" \/>6.4. Das Unternehmen kann die Abfahrtszeit aufgrund von Wetterbedingungen, h\u00f6herer Gewalt oder gerechtfertigten technischen\/organisatorischen Problemen \u00e4ndern. Verz\u00f6gerungen von bis zu 2 Stunden gegen\u00fcber der geplanten Abfahrtszeit berechtigen nicht zur R\u00fcckerstattung. Im Falle einer endg\u00fcltigen Stornierung kann der Kunde zwischen einer vollst\u00e4ndigen R\u00fcckerstattung oder einem Gutschein zur Durchf\u00fchrung der Aktivit\u00e4t an einem anderen Datum w\u00e4hlen.<\/p><\/li><\/ol><ol start=\"7\" data-start=\"5243\" data-end=\"5872\"><li data-start=\"5243\" data-end=\"5872\"><p data-start=\"5246\" data-end=\"5872\"><strong data-start=\"5246\" data-end=\"5276\">\u00c4nderungen und Beschwerden<\/strong><br data-start=\"5276\" data-end=\"5279\" \/>7.1. \u00c4nderungen sind nur g\u00fcltig, wenn sie schriftlich erfolgen.<br data-start=\"5345\" data-end=\"5348\" \/>7.2. Hat der Kunde eine Beschwerde oder Reklamation, muss er das Personal des Unternehmens unverz\u00fcglich informieren, damit geeignete Ma\u00dfnahmen zur L\u00f6sung ergriffen werden k\u00f6nnen. Ist dies nicht m\u00f6glich, muss die Beschwerde schriftlich eingereicht werden. Das Beschwerdedokument muss vom Kunden und einem Vertreter des Unternehmens unterzeichnet werden.<br data-start=\"5703\" data-end=\"5706\" \/>7.3. Das Unternehmen \u00fcbernimmt keine Haftung f\u00fcr gestohlene oder verlorene Gegenst\u00e4nde.<br data-start=\"5796\" data-end=\"5799\" \/>7.4. Offizielle Beschwerdeformulare stehen den Kunden zur Verf\u00fcgung.<\/p><\/li><\/ol><ol start=\"8\" data-start=\"5879\" data-end=\"6157\"><li data-start=\"5879\" data-end=\"6157\"><p data-start=\"5882\" data-end=\"6157\"><strong data-start=\"5882\" data-end=\"5921\">Gerichtsstand und Anwendbares Recht<\/strong><br data-start=\"5921\" data-end=\"5924\" \/>Zur Beilegung von Streitigkeiten oder Meinungsverschiedenheiten \u00fcber die Auslegung oder Zust\u00e4ndigkeit unterwerfen sich die Parteien ausdr\u00fccklich der Zust\u00e4ndigkeit der See-Beh\u00f6rden und gegebenenfalls den Gerichten und Tribunalen<\/p><\/li><\/ol>\t\t\t\t\t\t\t\t<\/div>\n\t\t\t\t<\/div>\n\t\t\t\t\t<\/div>\n\t\t<\/div>\n\t\t\t\t\t<\/div>\n\t\t<\/section>\n\t\t\t\t<\/div>\n\t\t","protected":false},"excerpt":{"rendered":"<p>ALLGEMEINE RESERVIERUNGSBEDINGUNGEN UND -BEDINGUNGEN \u00a0RESERVIERUNGEN GeltungsbereichDie hier aufgef\u00fchrten Bedingungen sowie die gegebenenfalls zwischen den Parteien getroffenen Sondervereinbarungen regeln die Beziehungen zwischen AMARE TURISMO N\u00c1UTICO, S.L. (im Folgenden \u201edas Unternehmen\u201c) und den Nutzern der angebotenen Dienstleistungen (im Folgenden \u201eder Kunde\u201c oder \u201eder Passagier\u201c). Bei der Erstellung dieser Bedingungen wurden die geltenden spanischen Rechtsvorschriften ber\u00fccksichtigt, insbesondere das [&hellip;]<\/p>\n","protected":false},"author":1,"featured_media":0,"parent":0,"menu_order":0,"comment_status":"closed","ping_status":"closed","template":"","meta":{"footnotes":""},"class_list":["post-31033","page","type-page","status-publish","hentry"],"_links":{"self":[{"href":"https:\/\/reservas.amareturismonautico.com\/de\/wp-json\/wp\/v2\/pages\/31033","targetHints":{"allow":["GET"]}}],"collection":[{"href":"https:\/\/reservas.amareturismonautico.com\/de\/wp-json\/wp\/v2\/pages"}],"about":[{"href":"https:\/\/reservas.amareturismonautico.com\/de\/wp-json\/wp\/v2\/types\/page"}],"author":[{"embeddable":true,"href":"https:\/\/reservas.amareturismonautico.com\/de\/wp-json\/wp\/v2\/users\/1"}],"replies":[{"embeddable":true,"href":"https:\/\/reservas.amareturismonautico.com\/de\/wp-json\/wp\/v2\/comments?post=31033"}],"version-history":[{"count":5,"href":"https:\/\/reservas.amareturismonautico.com\/de\/wp-json\/wp\/v2\/pages\/31033\/revisions"}],"predecessor-version":[{"id":54547,"href":"https:\/\/reservas.amareturismonautico.com\/de\/wp-json\/wp\/v2\/pages\/31033\/revisions\/54547"}],"wp:attachment":[{"href":"https:\/\/reservas.amareturismonautico.com\/de\/wp-json\/wp\/v2\/media?parent=31033"}],"curies":[{"name":"wp","href":"https:\/\/api.w.org\/{rel}","templated":true}]}}