{"id":31030,"date":"2023-07-13T19:48:01","date_gmt":"2023-07-13T17:48:01","guid":{"rendered":"https:\/\/reservas.amareturismonautico.com\/politica-de-cookies\/"},"modified":"2025-04-23T12:11:51","modified_gmt":"2025-04-23T10:11:51","slug":"cookie-richtlinie","status":"publish","type":"page","link":"https:\/\/reservas.amareturismonautico.com\/de\/cookie-richtlinie\/","title":{"rendered":"Cookie Richtlinie"},"content":{"rendered":"<h2>Was sind Cookies?<\/h2>\n<p>Ein Cookie ist eine Datei, die auf Ihren Computer heruntergeladen wird, wenn Sie auf bestimmte Websites zugreifen. Diese erm\u00f6glichen unter anderem das Speichern und Abrufen von Informationen \u00fcber die Surfgewohnheiten eines Benutzers oder seines Ger\u00e4ts und k\u00f6nnen, abh\u00e4ngig von den gespeicherten Informationen und der Art und Weise, wie er sein Ger\u00e4t verwendet, zur Wiedererkennung des Benutzers verwendet werden.<\/p>\n<h2>Welche Arten von Cookies verwendet diese Website?<\/h2>\n<p>&#8211; Leistungscookies: Diese Cookies werden verwendet, um Ihr Browser-Erlebnis zu verbessern und die Funktionsweise der Website zu optimieren. Sie speichern Serviceeinstellungen, sodass Sie sie nicht bei jedem Besuch dieser Website neu konfigurieren m\u00fcssen.<\/p>\n<p>&#8211; Analyse-Cookies: Dabei handelt es sich um Cookies, die es uns, unabh\u00e4ngig davon, ob sie von uns oder von Dritten verarbeitet werden, erm\u00f6glichen, die Anzahl der Benutzer zu quantifizieren und so statistische Messungen und Analysen dar\u00fcber durchzuf\u00fchren, wie die Benutzer den angebotenen Dienst nutzen. Zu diesem Zweck analysieren wir Ihr Surfverhalten auf unserer Website, um die von uns angebotenen Produkte und Dienstleistungen zu verbessern.<\/p>\n<p>&#8211; Werbe-Cookies: Dabei handelt es sich um Cookies, die es uns, unabh\u00e4ngig davon, ob sie von uns oder von Dritten verarbeitet werden, erm\u00f6glichen, die Werbefl\u00e4chen auf der Website m\u00f6glichst effizient zu verwalten und den Inhalt der Werbung an den Inhalt des angeforderten Dienstes oder an Ihre Nutzung unserer Website anzupassen. Zu diesem Zweck analysieren wir m\u00f6glicherweise Ihr Surfverhalten im Internet und zeigen Ihnen Werbung an, die auf Ihr Browserprofil abgestimmt ist.<\/p>\n<h2>So verwalten Sie die Cookies Ihres Browsers<\/h2>\n<p>Sie k\u00f6nnen auf Ihrem Computer installierte Cookies zulassen, blockieren oder l\u00f6schen, indem Sie die Optionen des auf Ihrem Computer installierten Browsers konfigurieren.<\/p>\n<p>Internet Explorer\u2122 :<\/p>\n<p>Version 5<br \/>\n<a href=\"http:\/\/support.microsoft.com\/kb\/196955\/es\" target=\"_blank\" rel=\"noopener\">http:\/\/support.microsoft.com\/kb\/196955\/es<\/a><\/p>\n<p>Version 6<br \/>\n<a href=\"http:\/\/support.microsoft.com\/kb\/283185\/es\" target=\"_blank\" rel=\"noopener\">http:\/\/support.microsoft.com\/kb\/283185\/es<\/a><\/p>\n<p>Version 7 und 8<br \/>\n<a href=\"http:\/\/windows.microsoft.com\/es-ES\/windows-vista\/Block-or-allow-cookies\" target=\"_blank\" rel=\"noopener\">http:\/\/windows.microsoft.com\/es-ES\/windows-vista\/Block-or-allow-cookies<\/a><\/p>\n<p>Version 9<br \/>\n<a href=\"http:\/\/windows.microsoft.com\/es-ES\/windows7\/How-to-manage-cookies-in-Internet-Explorer-9\" target=\"_blank\" rel=\"noopener\">http:\/\/windows.microsoft.com\/es-ES\/windows7\/How-to-manage-cookies-in-Internet-Explorer-9<\/a><\/p>\n<p>Safari\u2122:<br \/>\n<a href=\"http:\/\/support.apple.com\/kb\/PH5042?viewlocale=es_ES\" target=\"_blank\" rel=\"noopener\">http:\/\/support.apple.com\/kb\/PH5042?viewlocale=es_ES<\/a> <a href=\"http:\/\/support.apple.com\/kb\/HT1677?viewlocale=es_ES\" target=\"_blank\" rel=\"noopener\">http:\/\/support.apple.com\/kb\/HT1677?viewlocale=es_ES<\/a><\/p>\n<p>Google\u2122 <a href=\"https:\/\/support.google.com\/chrome\/answer\/95647?hl=es&#038;hlrm=en\" target=\"_blank\" rel=\"noopener\">https:\/\/support.google.com\/chrome\/answer\/95647?hl=es&#038;hlrm=en<\/a><\/p>\n<p>Firefox\u2122:<br \/>\n<a href=\"http:\/\/support.mozilla.org\/en-US\/kb\/cookies-information-website-preferences-settings-preferences?redirectlocale=en-US&amp;redirectslug=Cookies\" target=\"_blank\" rel=\"noopener\">http:\/\/support.mozilla.org\/en-US\/kb\/cookies-information-website-preferences-settings-preferences?redirectlocale=en-US&amp;redirectslug=Cookies<\/a><\/p>\n<p>Opera\u2122:<br \/>\n<a href=\"http:\/\/help.opera.com\/Windows\/11.50\/es-ES\/cookies.html\" target=\"_blank\" rel=\"noopener\">http:\/\/help.opera.com\/Windows\/11.50\/es-ES\/cookies.html<\/a><\/p>\n<p>Android<br \/>\n<a href=\"http:\/\/support.google.com\/android\/?hl=es\" target=\"_blank\" rel=\"noopener\">http:\/\/support.google.com\/android\/?hl=es<\/a><\/p>\n<p>Windows Phone<br \/>\n<a href=\"http:\/\/www.windowsphone.com\/es-ES\/how-to\/wp7\/web\/changing-privacy-and-other-browser-settings\" target=\"_blank\" rel=\"noopener\">http:\/\/www.windowsphone.com\/es-ES\/how-to\/wp7\/web\/changing-privacy-and-other-browser-settings<\/a><\/p>\n<p>Brombeere<br \/>\n<a href=\"http:\/\/docs.blackberry.com\/en\/smartphone_users\/deliverables\/18578\/Turn_off_cookies_in_the_browser_60_1072866_11.jsp\" target=\"_blank\" rel=\"noopener\">http:\/\/docs.blackberry.com\/en\/smartphone_users\/deliverables\/18578\/Turn_off_cookies_in_the_browser_60_1072866_11.jsp<\/a><\/p>\n<h2>Cookies akzeptieren<\/h2>\n<p>Wenn Sie nach der Information \u00fcber die Cookie-Richtlinie weiter surfen, gehen wir davon aus, dass Sie die Verwendung von Cookies durch die Website und Anwendungen akzeptieren. Wenn Sie m\u00f6chten, k\u00f6nnen Sie Ihre Cookie-Einstellungen jedoch jederzeit \u00e4ndern, indem Sie Ihren Browser so einstellen, dass er die empfangenen Cookies akzeptiert oder ablehnt, oder indem Sie den Browser so einstellen, dass er Sie benachrichtigt, wenn ein Server ein Cookie speichern m\u00f6chte.<\/p>\n<p>Wir weisen Sie darauf hin, dass, wenn Sie die Installation von Cookies blockieren oder ablehnen, bestimmte Dienste ohne deren Verwendung m\u00f6glicherweise nicht verf\u00fcgbar sind oder Sie m\u00f6glicherweise nicht auf bestimmte Dienste zugreifen oder alle Vorteile unserer Websites und Anwendungen nicht in vollem Umfang nutzen k\u00f6nnen. Zus\u00e4tzlich zu unseren eigenen Cookies gestatten wir Dritten, Cookies auf Ihrem Computer zu setzen und darauf zuzugreifen. Die Zustimmung zur Verwendung von Cookies dieser Unternehmen ist an das Surfen auf dieser Website gekn\u00fcpft.<\/p>\n<p>Wir freuen uns \u00fcber Ihr Einverst\u00e4ndnis, Cookies zu akzeptieren. Dadurch erhalten wir genauere Daten, die es uns erm\u00f6glichen, den Inhalt zu verbessern.<\/p>\n<p>Falls diese Website einen besonderen Dienst anbietet, der besondere Bestimmungen zum Schutz personenbezogener Daten und zur Verwendung von Cookies vorsieht, die von diesen abweichen, haben die f\u00fcr den jeweiligen Dienst angegebenen besonderen Regeln Vorrang.<\/p>\n<p>Wenn Sie diese Website oder Anwendung zum ersten Mal aufrufen, wird ein Fenster angezeigt, das Sie \u00fcber die Verwendung von Cookies informiert und in dem Sie diese \u201eCookie-Richtlinie\u201c einsehen k\u00f6nnen. Wenn Sie der Verwendung von Cookies zustimmen, weiter surfen oder auf einen Link klicken, wird davon ausgegangen, dass Sie unserer Cookie-Richtlinie und damit der Installation von Cookies auf Ihrem Computer oder Ger\u00e4t zugestimmt haben.<\/p>\n<h2>Sollen wir unsere Cookie-Richtlinie aktualisieren?<\/h2>\n<p>Wir k\u00f6nnen unsere Cookie-Richtlinie aktualisieren. Daher empfehlen wir Ihnen, diese Richtlinie bei jedem Zugriff auf unsere Website zu \u00fcberpr\u00fcfen, um sicherzustellen, dass Sie umfassend dar\u00fcber informiert sind, wie und warum wir auf dieser Website Cookies verwenden. Unsere Cookie-Richtlinie wurde zuletzt am 27. August 2013 aktualisiert.<\/p>\n","protected":false},"excerpt":{"rendered":"<p>Was sind Cookies? Ein Cookie ist eine Datei, die auf Ihren Computer heruntergeladen wird, wenn Sie auf bestimmte Websites zugreifen. Diese erm\u00f6glichen unter anderem das Speichern und Abrufen von Informationen \u00fcber die Surfgewohnheiten eines Benutzers oder seines Ger\u00e4ts und k\u00f6nnen, abh\u00e4ngig von den gespeicherten Informationen und der Art und Weise, wie er sein Ger\u00e4t verwendet, [&hellip;]<\/p>\n","protected":false},"author":1,"featured_media":0,"parent":0,"menu_order":0,"comment_status":"closed","ping_status":"closed","template":"","meta":{"footnotes":""},"class_list":["post-31030","page","type-page","status-publish","hentry"],"_links":{"self":[{"href":"https:\/\/reservas.amareturismonautico.com\/de\/wp-json\/wp\/v2\/pages\/31030","targetHints":{"allow":["GET"]}}],"collection":[{"href":"https:\/\/reservas.amareturismonautico.com\/de\/wp-json\/wp\/v2\/pages"}],"about":[{"href":"https:\/\/reservas.amareturismonautico.com\/de\/wp-json\/wp\/v2\/types\/page"}],"author":[{"embeddable":true,"href":"https:\/\/reservas.amareturismonautico.com\/de\/wp-json\/wp\/v2\/users\/1"}],"replies":[{"embeddable":true,"href":"https:\/\/reservas.amareturismonautico.com\/de\/wp-json\/wp\/v2\/comments?post=31030"}],"version-history":[{"count":2,"href":"https:\/\/reservas.amareturismonautico.com\/de\/wp-json\/wp\/v2\/pages\/31030\/revisions"}],"predecessor-version":[{"id":31032,"href":"https:\/\/reservas.amareturismonautico.com\/de\/wp-json\/wp\/v2\/pages\/31030\/revisions\/31032"}],"wp:attachment":[{"href":"https:\/\/reservas.amareturismonautico.com\/de\/wp-json\/wp\/v2\/media?parent=31030"}],"curies":[{"name":"wp","href":"https:\/\/api.w.org\/{rel}","templated":true}]}}