{"id":31021,"date":"2023-07-13T19:44:22","date_gmt":"2023-07-13T17:44:22","guid":{"rendered":"https:\/\/reservas.amareturismonautico.com\/condiciones-legales-y-privacidad\/"},"modified":"2025-04-23T11:57:00","modified_gmt":"2025-04-23T09:57:00","slug":"rechtliche-hinweise-datenschutz","status":"publish","type":"page","link":"https:\/\/reservas.amareturismonautico.com\/de\/rechtliche-hinweise-datenschutz\/","title":{"rendered":"Rechtliche Hinweise und Datenschutz"},"content":{"rendered":"<p><strong>Rechtliche Hinweise:<\/strong><\/p>\n<p>Unternehmen: Amare Turismo N\u00e1utico S.L.<br \/>\nAdresse: Travesia do Pombal Nr. 4, 36626, Illa de Arousa, Pontevedra<br \/>\nCIF: B94076767<\/p>\n<p><strong>Rechtliche Bedingungen und Datenschutz<\/strong><\/p>\n<p>Rechtliche Informationen AmareTurismoNautico.es \/ Nutzungsbedingungen, Datenschutzrichtlinie und Datenschutz<\/p>\n<p>Der Zugriff auf und das Durchsuchen von AmareTurismoNautico.es und\/oder die Nutzung der hier angebotenen Dienste setzt voraus, dass der Benutzer die Datenschutzrichtlinien, rechtlichen Hinweise und Nutzungsbedingungen dieses Dienstes akzeptiert. Wenn Sie diese Bedingungen nicht akzeptieren, m\u00fcssen Sie die Website AmareTurismoNautico.es verlassen.<\/p>\n<p><strong>Datenschutzrichtlinie:<\/strong><\/p>\n<p>Gem\u00e4\u00df dem Organgesetz 15\/1999 vom 13. Dezember zum Schutz personenbezogener Daten (LOPD) informieren wir Sie dar\u00fcber, dass Ihre personenbezogenen Daten durch das Ausf\u00fcllen des Registrierungsformulars auf der Website AmareTurismoNautico.es in die automatisierten Dateien von AmareTurismoNautico als Administrator der Website AmareTurismoNautico.es aufgenommen und verarbeitet werden. AmareTurismoNautico hat seine Dateien gem\u00e4\u00df geltendem Recht bei der spanischen Datenschutzbeh\u00f6rde registriert.<\/p>\n<p>Der Hauptzweck dieser Datei besteht darin, die Webdienste unserer Benutzer aufrechtzuerhalten, den Kontakt mit Benutzern zu erleichtern, interne statistische Studien durchzuf\u00fchren, die Website zu pflegen und Newsletter zu Produkten und neuen Diensten von AmareTurismoNautico.es oder dem Unternehmen, das die Website verwaltet, zu versenden. Wir fordern nur die Daten an, die f\u00fcr die Erbringung der gew\u00fcnschten Dienstleistung erforderlich und unerl\u00e4sslich sind, und verwenden sie nur f\u00fcr diese Zwecke.<\/p>\n<p>AmareTurismoNautico hat die gesetzlich vorgeschriebenen Sicherheitsstufen zum Schutz personenbezogener Daten \u00fcbernommen und alle ihm zur Verf\u00fcgung stehenden technischen Mittel und Ma\u00dfnahmen implementiert, um den Verlust, Missbrauch, die Ver\u00e4nderung, den unbefugten Zugriff und den Diebstahl der bereitgestellten personenbezogenen Daten zu verhindern. Trotzdem sollten sich Benutzer dar\u00fcber im Klaren sein, dass die Sicherheitsma\u00dfnahmen im Internet nicht un\u00fcberwindbar sind. AmareTurismoNautico gew\u00e4hrleistet somit die Vertraulichkeit der bereitgestellten Daten und garantiert, dass diese unter keinen Umst\u00e4nden ohne die vorherige und ausdr\u00fcckliche Zustimmung der Benutzer f\u00fcr andere Zwecke weitergegeben werden. Sie kann jedoch den zust\u00e4ndigen Beh\u00f6rden auf Anfrage personenbezogene Daten und alle anderen Informationen, die sich in ihrem Besitz befinden oder \u00fcber ihre Systeme zug\u00e4nglich sind, gem\u00e4\u00df den im jeweiligen Fall geltenden gesetzlichen und beh\u00f6rdlichen Bestimmungen offenlegen.<\/p>\n<p>Die betroffene Person kann in Bezug auf diese Datei die ihr im LOPD (Datenschutzgesetz) zuerkannten Rechte aus\u00fcben, insbesondere das Recht auf Zugriff, Berichtigung oder L\u00f6schung der Daten und gegebenenfalls das Recht auf Widerspruch sowie das Recht, die Zustimmung zur \u00dcbertragung ihrer Daten gem\u00e4\u00df den im LOPD festgelegten Bedingungen zu widerrufen.<\/p>\n<p>Benutzer k\u00f6nnen jederzeit auf ihre personenbezogenen Daten zugreifen, diese l\u00f6schen oder berichtigen, indem sie uns \u00fcber unsere E-Mail-Adresse oficina[at]AmareTurismoNautico.es oder per Post an unseren Firmensitz kontaktieren. Sie k\u00f6nnen Ihre pers\u00f6nlichen Daten \u00e4ndern, indem Sie sie im Benutzerbereich der Website AmareTurismoNautico.es bearbeiten.<\/p>\n<p>Bei den freiwillig von Nutzern abgegebenen Kommentaren und Stimmen handelt es sich nicht um private personenbezogene Daten, sondern um \u00f6ffentliche Daten. Sie beziehen sich auf die Stimmen und Kommentare anderer Benutzer. Die Verantwortlichen von AmareTurismoNautico.es k\u00f6nnen diese Daten aufbewahren, um die Konsistenz der von allen Site-Benutzern ver\u00f6ffentlichten und \u00fcbermittelten Informationen zu gew\u00e4hrleisten.<\/p>\n<p>Datenschutzrichtlinie<\/p>\n<p>Unsere Datenschutzrichtlinie beschreibt, wie wir die Informationen, die wir \u00fcber die verschiedenen auf dieser Site verf\u00fcgbaren Dienste oder Seiten sammeln, erfassen, speichern oder verwenden. Es ist wichtig, dass Sie verstehen, welche Informationen wir sammeln und wie wir sie verwenden, da der Zugriff auf diese Site die Annahme unserer Datenschutzrichtlinie voraussetzt.<\/p>\n<p>&#8211; Kekse<\/p>\n<p>Der Zugriff auf diese Website kann die Verwendung von Cookies erfordern. Cookies sind kleine Informationsmengen, die im Browser jedes Benutzers gespeichert werden, damit sich der Server bestimmte Informationen merkt, die sp\u00e4ter verwendet werden k\u00f6nnen. Anhand dieser Informationen k\u00f6nnen wir Sie als bestimmten Benutzer identifizieren und Ihre pers\u00f6nlichen Pr\u00e4ferenzen sowie technische Informationen wie Besuche oder bestimmte von Ihnen besuchte Seiten speichern. Unternehmen, die Anzeigen auf AmareTurismoNautico.es schalten oder Zugriffsstatistiken verwalten, k\u00f6nnen Cookies f\u00fcr statistische Zwecke verwenden. Benutzer k\u00f6nnen diese Cookies \u00fcber die Optionen ihres Webbrowsers l\u00f6schen oder deren Senden verhindern.<\/p>\n<p>Weitere Informationen zu Cookies finden Sie unter: http:\/\/es.wikipedia.org\/wiki\/Cookie<\/p>\n<p>Weitere Informationen finden Sie in unserer Cookie-Richtlinie &#8211; Web Beacons<\/p>\n<p>Diese Site kann auch Web Beacons (auch als Web Bugs bezeichnet) hosten. Web Beacons sind normalerweise kleine, sichtbare oder unsichtbare, pixelgro\u00dfe Bilder, die im Quellcode der Webseiten einer Site platziert werden. Web Beacons dienen und werden auf \u00e4hnliche Weise wie Cookies verwendet. Dar\u00fcber hinaus werden Web Beacons h\u00e4ufig verwendet, um den Benutzerverkehr auf einer Website zu messen und ein Muster der Site-Benutzer zu erkennen.<\/p>\n<p>Weitere Informationen zu Web Beacons finden Sie unter: http:\/\/es.wikipedia.org\/wiki\/Web_bug<\/p>\n<p>&#8211; Dritte<\/p>\n<p>In einigen F\u00e4llen geben wir Informationen \u00fcber Besucher dieser Site entweder anonym oder in zusammengefasster Form an Dritte wie Werbetreibende, Sponsoren oder Pr\u00fcfer weiter, und zwar ausschlie\u00dflich zum Zweck der Verbesserung unserer Dienste. Alle diese Verarbeitungsvorg\u00e4nge werden durch gesetzliche Normen geregelt und alle Ihre Datenschutzrechte werden gem\u00e4\u00df den geltenden Vorschriften gewahrt.<\/p>\n<p>Diese Site misst den Datenverkehr mithilfe verschiedener L\u00f6sungen, die m\u00f6glicherweise Cookies oder Web Beacons verwenden, um den Datenverkehr auf unseren Seiten zu analysieren. Wir verwenden derzeit die folgenden L\u00f6sungen, um den Verkehr auf dieser Site zu messen. Weitere Informationen zu den Datenschutzbestimmungen der einzelnen zu diesem Zweck verwendeten L\u00f6sungen k\u00f6nnen Sie hier einsehen:<\/p>\n<p>Google (Analytics): http:\/\/www.google.com\/intl\/es_ALL\/privacypolicy.html<\/p>\n<p>Diese Site kann auch Werbung von ihren eigenen, verbundenen Unternehmen oder Werbenetzwerken hosten. Diese Werbung wird \u00fcber Adserver angezeigt, die ebenfalls Cookies verwenden, um f\u00fcr die Nutzer relevante Werbeinhalte anzuzeigen. Jeder dieser Adserver verf\u00fcgt \u00fcber seine eigene Datenschutzrichtlinie, die auf den jeweiligen Websites eingesehen werden kann.<\/p>\n<p>Diese Site hostet derzeit Werbung f\u00fcr:<\/p>\n<p>Google Adsense: http:\/\/www.google.com\/intl\/es_ALL\/privacypolicy.html<\/p>\n<p>Wir stehen mit den Werbetreibenden in einer Beziehung als Kommission\u00e4r und haben keinen Zugriff auf die K\u00e4uferdaten. Es ist wichtig, dass Sie die Datenschutzrichtlinien des Werbetreibenden lesen, bevor Sie ihm Ihre pers\u00f6nlichen Daten zur Verf\u00fcgung stellen.<\/p>\n<p><strong>Garantie- und Haftungsausschluss<\/strong><\/p>\n<p>Die Betreiber von AmareTurismoNautico.es \u00fcbernehmen keine Garantie f\u00fcr die Rechtm\u00e4\u00dfigkeit, Zuverl\u00e4ssigkeit oder N\u00fctzlichkeit der Inhalte.<\/p>\n<p>Die Einrichtung eines Hyperlinks, Links oder Austauschs impliziert in keinem Fall das Bestehen einer Beziehung zwischen den Verantwortlichen von AmareTurismoNautico.es und dem Eigent\u00fcmer der Website, mit der er eingerichtet wurde, noch die Akzeptanz und Billigung ihrer Inhalte oder Dienste.<\/p>\n<p>Die Betreiber von AmareTurismoNautico.es lehnen jegliche Haftung f\u00fcr von dieser Website aus verlinkte Websites ab und haben keinen Einfluss auf das Erscheinen von Websites im Internet, deren Inhalt m\u00f6glicherweise rechtswidrig, illegal, gegen die Moral oder die guten Sitten versto\u00dfend oder unangemessen ist. Benutzer sollten daher bei der Bewertung und Verwendung der auf verlinkten Websites verf\u00fcgbaren Informationen, Inhalte und Dienste \u00e4u\u00dferste Vorsicht walten lassen.<\/p>\n<p>Die Betreiber von AmareTurismoNautico.es lehnen jegliche Haftung f\u00fcr von Benutzern oder Dritten gepostete Kommentare und Informationen ab. Die Verantwortung daf\u00fcr liegt bei den Benutzern oder Dritten, von denen sie stammen.<\/p>\n<p><strong>Nutzungsbedingungen<\/strong><\/p>\n<p>Der Benutzer darf keine Kommentare verfassen oder senden, die diffamierend, rassistisch, obsz\u00f6n, pornografisch oder beleidigend sind oder Rassen-, ethnischen, religi\u00f6sen, homophoben oder geschlechtsspezifischen Hass f\u00f6rdern, die explizite Gewalt enthalten oder zu Gewalt aufrufen, die Privatsph\u00e4re und\/oder Rechte von Kindern beeintr\u00e4chtigen oder gegen geltendes Recht versto\u00dfen.<\/p>\n<p>Der Benutzer verpflichtet sich, die auf AmareTurismoNautico.es angebotenen Dienste nicht zu Zwecken oder mit Wirkungen zu nutzen, die rechtswidrig sind, die Rechte und Interessen Dritter verletzen oder die die normale Nutzung der Dienste der Website, der Computerausr\u00fcstung oder der Dokumente, Dateien und Inhalte, die auf AmareTurismoNautico.es oder auf externen Servern, auf die von AmareTurismoNautico.es aus verwiesen wird, gespeichert sind, besch\u00e4digen, unbrauchbar machen, \u00fcberlasten, beeintr\u00e4chtigen oder behindern k\u00f6nnen.<\/p>\n<p>Der Benutzer darf keine anderen Benutzer der Site bel\u00e4stigen, bedrohen oder private Informationen \u00fcber sie erlangen oder preisgeben.<\/p>\n<p>Der Nutzer verpflichtet sich, die Site nicht zu dem Zweck zu nutzen, in Kommentaren Werbung f\u00fcr eine Website, ein Unternehmen, ein Blog-Netzwerk, ein Affiliate-System usw. zu machen (Spam).<\/p>\n<p>Der Benutzer darf die Site nicht dazu verwenden, andere Benutzer durch obsz\u00f6ne Kommentare oder Kommentare, die anderen Benutzern in irgendeiner Weise schaden, zu bel\u00e4stigen.<\/p>\n<p>Die Nichteinhaltung der Nutzungsbedingungen kann zur Sperrung Ihres Kontos, zur L\u00f6schung und\/oder Bearbeitung des betreffenden Textes sowie zur Einleitung geeigneter Ma\u00dfnahmen und Beschwerden gem\u00e4\u00df spanischem und europ\u00e4ischem Recht f\u00fchren.<\/p>\n<p>Um den Service zu verbessern und Probleme zu minimieren, beh\u00e4lt sich AmareTurismoNautico das Recht vor, diese Bedingungen zu \u00e4ndern und zu aktualisieren.<\/p>\n","protected":false},"excerpt":{"rendered":"<p>Rechtliche Hinweise: Unternehmen: Amare Turismo N\u00e1utico S.L. Adresse: Travesia do Pombal Nr. 4, 36626, Illa de Arousa, Pontevedra CIF: B94076767 Rechtliche Bedingungen und Datenschutz Rechtliche Informationen AmareTurismoNautico.es \/ Nutzungsbedingungen, Datenschutzrichtlinie und Datenschutz Der Zugriff auf und das Durchsuchen von AmareTurismoNautico.es und\/oder die Nutzung der hier angebotenen Dienste setzt voraus, dass der Benutzer die Datenschutzrichtlinien, rechtlichen [&hellip;]<\/p>\n","protected":false},"author":1,"featured_media":0,"parent":0,"menu_order":0,"comment_status":"closed","ping_status":"closed","template":"","meta":{"footnotes":""},"class_list":["post-31021","page","type-page","status-publish","hentry"],"_links":{"self":[{"href":"https:\/\/reservas.amareturismonautico.com\/de\/wp-json\/wp\/v2\/pages\/31021","targetHints":{"allow":["GET"]}}],"collection":[{"href":"https:\/\/reservas.amareturismonautico.com\/de\/wp-json\/wp\/v2\/pages"}],"about":[{"href":"https:\/\/reservas.amareturismonautico.com\/de\/wp-json\/wp\/v2\/types\/page"}],"author":[{"embeddable":true,"href":"https:\/\/reservas.amareturismonautico.com\/de\/wp-json\/wp\/v2\/users\/1"}],"replies":[{"embeddable":true,"href":"https:\/\/reservas.amareturismonautico.com\/de\/wp-json\/wp\/v2\/comments?post=31021"}],"version-history":[{"count":2,"href":"https:\/\/reservas.amareturismonautico.com\/de\/wp-json\/wp\/v2\/pages\/31021\/revisions"}],"predecessor-version":[{"id":31023,"href":"https:\/\/reservas.amareturismonautico.com\/de\/wp-json\/wp\/v2\/pages\/31021\/revisions\/31023"}],"wp:attachment":[{"href":"https:\/\/reservas.amareturismonautico.com\/de\/wp-json\/wp\/v2\/media?parent=31021"}],"curies":[{"name":"wp","href":"https:\/\/api.w.org\/{rel}","templated":true}]}}