{"id":31013,"date":"2023-11-07T11:51:36","date_gmt":"2023-11-07T10:51:36","guid":{"rendered":"https:\/\/reservas.amareturismonautico.com\/condiciones-legales-y-politica-de-privacidad\/"},"modified":"2025-04-23T11:55:05","modified_gmt":"2025-04-23T09:55:05","slug":"rechtliche-hinweise-und-datenschutz","status":"publish","type":"page","link":"https:\/\/reservas.amareturismonautico.com\/de\/rechtliche-hinweise-und-datenschutz\/","title":{"rendered":"Rechtliche Hinweise und Datenschutz"},"content":{"rendered":"\t\t<div data-elementor-type=\"wp-page\" data-elementor-id=\"31013\" class=\"elementor elementor-31013 elementor-5386\" data-elementor-post-type=\"page\">\n\t\t\t\t\t\t<section class=\"elementor-section elementor-top-section elementor-element elementor-element-06688e1 elementor-section-boxed elementor-section-height-default elementor-section-height-default\" data-id=\"06688e1\" data-element_type=\"section\" data-e-type=\"section\">\n\t\t\t\t\t\t<div class=\"elementor-container elementor-column-gap-default\">\n\t\t\t\t\t<div class=\"elementor-column elementor-col-100 elementor-top-column elementor-element elementor-element-6be0344\" data-id=\"6be0344\" data-element_type=\"column\" data-e-type=\"column\">\n\t\t\t<div class=\"elementor-widget-wrap elementor-element-populated\">\n\t\t\t\t\t\t<div class=\"elementor-element elementor-element-1365e24 elementor-widget elementor-widget-text-editor\" data-id=\"1365e24\" data-element_type=\"widget\" data-e-type=\"widget\" data-widget_type=\"text-editor.default\">\n\t\t\t\t<div class=\"elementor-widget-container\">\n\t\t\t\t\t\t\t\t\t<p style=\"text-align: center;\"><strong>DATENSCHUTZERKL\u00c4RUNG<\/strong><\/p><p style=\"text-align: center;\"><strong>&#8222;IHRE DATEN SICHER&#8220;<\/strong><\/p><h1 style=\"text-align: center;\">Informationen im Einklang mit den Bestimmungen zum Schutz personenbezogener Daten<\/h1><p>In Europa und Spanien gibt es Datenschutzbestimmungen zum Schutz Ihrer personenbezogenen Daten, die unser Unternehmen einhalten muss.<\/p><p>Daher ist es uns sehr wichtig, dass Sie genau verstehen, was wir mit den personenbezogenen Daten machen, die wir von Ihnen anfordern.<\/p><p>Auf diese Weise sind wir transparent und geben Ihnen die Kontrolle \u00fcber Ihre Daten. Wir verwenden eine einfache Sprache und klare Optionen, mit denen Sie entscheiden k\u00f6nnen, was wir mit Ihren pers\u00f6nlichen Daten machen.<\/p><p>Wenn Sie nach dem Lesen dieser Informationen noch Fragen haben, z\u00f6gern Sie bitte nicht, uns zu fragen.<\/p><p>Vielen Dank f\u00fcr Ihre Mitarbeit.<\/p><p><strong>Wer sind wir?<\/strong><\/p><ul><li>Unser Name: <strong>AMARE TURISMO NAUTICO SL<\/strong><\/li><li>Unsere CIF \/ NIF: <strong>B94076767<\/strong><\/li><li>Unsere Hauptt\u00e4tigkeit:<strong>BOOTSVERMIETUNG F\u00dcR TOURISMUS<\/strong><\/li><li>Unsere Adresse: <strong>TRAVESIA POMBAL, N\u00ba4, CP 36626, ILLA DE AROUSA (Pontevedra)<\/strong><\/li><li>Unsere Telefonnummer: <strong>986551609<\/strong><\/li><li>Unsere Kontakt-E-Mail-Adresse: <strong>info@amareturismonautico.com<\/strong><\/li><li>Unsere Website: <strong>amareturismonautico.com<\/strong><\/li><li>Zu Ihrem Vertrauen und Ihrer Sicherheit informieren wir Sie, dass wir ein im folgenden Handelsregister\/\u00f6ffentlichen Register eingetragenes Unternehmen sind: <strong>Eingetragenes Register Merc. Pontevedra, Folio 145, Buch 3859 Unternehmen, 1. Registrierung, <\/strong><strong>Blatt Nr. PO-54539, Datum 13.03.2013. CIF B-94076767<\/strong><\/li><\/ul><p><strong>Administrative Berechtigung:<\/strong><\/p><p><strong>F\u00fcr unsere Aufsicht zust\u00e4ndige Stelle:<\/strong><\/p><p>Wir stehen Ihnen gerne zur Verf\u00fcgung. Z\u00f6gern Sie nicht, uns zu kontaktieren.<\/p><p><strong>Wof\u00fcr verwenden wir Ihre Daten?<\/strong><\/p><p>Im Allgemeinen werden Ihre personenbezogenen Daten verwendet, um mit Ihnen zu kommunizieren und unsere Dienste bereitzustellen, einschlie\u00dflich des elektronischen Gesch\u00e4ftsverkehrs (auch E-Commerce genannt), der aus dem Kauf und Verkauf von Produkten oder Diensten auf elektronischem Wege besteht.<\/p><p>Sie k\u00f6nnen auch f\u00fcr andere Aktivit\u00e4ten verwendet werden, beispielsweise um Ihnen Werbung zu senden oder f\u00fcr unsere Aktivit\u00e4ten zu werben.<\/p><p><strong>Warum m\u00fcssen wir Ihre Daten verwenden?<\/strong><\/p><p>Ihre personenbezogenen Daten sind erforderlich, damit wir mit Ihnen interagieren und Ihnen unsere Dienste, einschlie\u00dflich E-Commerce-Dienste, bereitstellen k\u00f6nnen. Zu diesem Zweck stellen wir Ihnen eine Reihe von Kontrollk\u00e4stchen zur Verf\u00fcgung, mit denen Sie klar und einfach entscheiden k\u00f6nnen, wie Ihre pers\u00f6nlichen Daten verwendet werden.<\/p><p>Alle von uns angeforderten Informationen werden dazu verwendet, zur ordnungsgem\u00e4\u00dfen Entwicklung der Produktkaufbeziehung beizutragen, die uns mit Ihnen verbindet. Daten wie Adressen oder Telefonnummern, die zun\u00e4chst keinen Bezug zur E-Commerce-Aktivit\u00e4t zu haben scheinen, werden ausschlie\u00dflich dazu verwendet, um sicherzustellen, dass Sie Freude an den \u00fcber diese Website erworbenen Produkten haben.<\/p><p>Damit E-Commerce-Dienste konsistent und effektiv bereitgestellt werden k\u00f6nnen, m\u00fcssen die von Ihnen bereitgestellten Informationen wahrheitsgem\u00e4\u00df sein. Es w\u00e4re au\u00dferdem hilfreich, wenn Sie die von Ihnen bereitgestellten Informationen st\u00e4ndig aktualisieren w\u00fcrden, um zuk\u00fcnftige Fehler oder Verwirrungen zu vermeiden, die die ordnungsgem\u00e4\u00dfe Bereitstellung der Dienste behindern k\u00f6nnten.<\/p><p><strong>Wer erf\u00e4hrt von den Informationen, die wir erfragen?<\/strong><\/p><p>Im Allgemeinen haben nur entsprechend autorisierte Mitarbeiter innerhalb unserer Organisation Zugriff auf die von uns angeforderten Informationen.<\/p><p>Ebenso k\u00f6nnen diejenigen Stellen Zugriff auf Ihre personenbezogenen Daten haben, die Zugriff darauf ben\u00f6tigen, damit wir unsere Dienste bereitstellen k\u00f6nnen. Beispielsweise kennt unsere Bank Ihre Daten, wenn die Zahlung f\u00fcr unsere Dienste per Karte oder Bank\u00fcberweisung erfolgt.<\/p><p>Ebenso erhalten \u00f6ffentliche und private Stellen, denen wir aufgrund gesetzlicher Vorschriften Ihre personenbezogenen Daten \u00fcbermitteln m\u00fcssen, Kenntnis von Ihren Daten. Beispielsweise verlangt das Steuergesetz, dass der Steuerbeh\u00f6rde bestimmte Informationen \u00fcber wirtschaftliche Transaktionen zur Verf\u00fcgung gestellt werden, die einen bestimmten Betrag \u00fcberschreiten.<\/p><p>F\u00fcr den Fall, dass wir Ihre personenbezogenen Daten \u00fcber die vorgenannten F\u00e4lle hinaus an andere Stellen weitergeben m\u00fcssen, werden wir Sie zuvor um Ihre Zustimmung bitten und Ihnen klare Optionen zur Verf\u00fcgung stellen, die Ihnen eine Entscheidung dar\u00fcber erm\u00f6glichen.<\/p><p><strong>Wie sch\u00fctzen wir Ihre Daten?<\/strong><\/p><p>Wir sch\u00fctzen Ihre Daten mit wirksamen Sicherheitsma\u00dfnahmen, die den mit der Verwendung Ihrer Informationen verbundenen Risiken entsprechen.<\/p><p>Zu diesem Zweck hat unsere Organisation eine Datenschutzrichtlinie genehmigt und es werden j\u00e4hrliche Kontrollen und Pr\u00fcfungen durchgef\u00fchrt, um sicherzustellen, dass Ihre personenbezogenen Daten jederzeit sicher sind.<\/p><p><strong>Werden wir Ihre Daten in andere L\u00e4nder \u00fcbermitteln?<\/strong><\/p><p>Es gibt L\u00e4nder auf der Welt, in denen Ihre Daten sicher sind, und andere, in denen das nicht so sicher ist. Beispielsweise ist die Europ\u00e4ische Union eine sichere Umgebung f\u00fcr Ihre Daten. Unsere Politik besteht darin, Ihre pers\u00f6nlichen Daten nicht in L\u00e4nder zu senden, die aus datenschutzrechtlicher Sicht nicht sicher sind.<\/p><p>Wenn es f\u00fcr die Bereitstellung des Dienstes unerl\u00e4sslich ist, Ihre Daten in ein Land zu senden, das nicht so sicher ist wie Spanien, werden wir Sie immer im Voraus um Ihre Erlaubnis bitten und wirksame Sicherheitsma\u00dfnahmen ergreifen, um die Risiken der \u00dcbermittlung Ihrer pers\u00f6nlichen Daten in ein anderes Land zu verringern.<\/p><p><strong>Wie lange speichern wir Ihre Daten?<\/strong><\/p><p>Wir bewahren Ihre Daten f\u00fcr die Dauer unserer Gesch\u00e4ftsbeziehung und so lange auf, wie wir gesetzlich dazu verpflichtet sind. Nach Ablauf der geltenden gesetzlichen Fristen k\u00fcmmern wir uns um eine sichere und umweltgerechte Entsorgung.<\/p><p><strong>Welche Datenschutzrechte haben Sie?<\/strong><\/p><p>Sie k\u00f6nnen sich jederzeit an uns wenden, um herauszufinden, welche Informationen wir \u00fcber Sie haben, diese zu korrigieren, wenn sie falsch sind, und sie nach Beendigung unserer Beziehung zu l\u00f6schen, sofern dies rechtlich m\u00f6glich ist.<\/p><p>Sie haben auch das Recht, die \u00dcbertragung Ihrer Daten an eine andere Stelle zu verlangen. Dieses Recht wird \u201ePortabilit\u00e4t\u201c genannt und kann in bestimmten Situationen n\u00fctzlich sein.<\/p><p>Um eines dieser Rechte geltend zu machen, m\u00fcssen Sie eine schriftliche Anfrage zusammen mit einer Fotokopie Ihres Ausweises an unsere Adresse senden, damit wir Sie identifizieren k\u00f6nnen.<\/p><p>Zur Geltendmachung dieser Rechte liegen in unseren Gesch\u00e4ftsr\u00e4umen spezielle Formulare f\u00fcr Sie bereit und wir bieten Unterst\u00fctzung beim Ausf\u00fcllen an.<\/p><p>Um mehr \u00fcber Ihre Datenschutzrechte zu erfahren, k\u00f6nnen Sie die Website der spanischen Datenschutzbeh\u00f6rde (<a href=\"http:\/\/www.agpd.es\">www.agpd.es<\/a>) besuchen.<\/p><p><strong>K\u00f6nnen Sie Ihre Einwilligung widerrufen, wenn Sie Ihre Meinung zu einem sp\u00e4teren Zeitpunkt \u00e4ndern?<\/strong><\/p><p>Sie k\u00f6nnen Ihre Einwilligung jederzeit widerrufen, wenn Sie Ihre Meinung zur Verwendung Ihrer Daten \u00e4ndern.<\/p><p>Wenn Sie beispielsweise fr\u00fcher einmal an Werbung f\u00fcr unsere Produkte oder Dienstleistungen interessiert waren, diese aber nicht mehr erhalten m\u00f6chten, k\u00f6nnen Sie uns dies mitteilen, indem Sie das in unseren Gesch\u00e4ftsr\u00e4umen erh\u00e4ltliche Opt-out-Formular ausf\u00fcllen.<\/p><p><strong>Wenn Sie glauben, dass Ihre Rechte verletzt wurden, wo k\u00f6nnen Sie eine Beschwerde einreichen?<\/strong><\/p><p>Wenn Sie der Meinung sind, dass Ihre Rechte von unserer Organisation verletzt wurden, k\u00f6nnen Sie auf einem der folgenden Wege eine Beschwerde bei der spanischen Datenschutzbeh\u00f6rde einreichen:<\/p><ul><li style=\"list-style-type: none;\"><ul><li>Elektronisches B\u00fcro: www.agpd.es<\/li><\/ul><\/li><\/ul><p>Postanschrift: Spanische Datenschutzbeh\u00f6rde<br \/>C\/ Jorge Juan, 6<br \/>28001-Madrid<\/p><ul><li>Telefonisch: Tel. 901 100 099Tel. 91 266 35 17<\/li><\/ul><p>\u00a0<\/p><p>Das Einreichen einer Beschwerde bei der spanischen Datenschutzbeh\u00f6rde ist kostenlos und die Unterst\u00fctzung eines Anwalts oder Rechtsanwalts ist nicht erforderlich.<\/p><p><strong>Erstellen wir Profile \u00fcber Sie?<\/strong><\/p><p>Unsere Politik besteht nicht darin, Profile \u00fcber die Benutzer unserer Dienste zu erstellen.<\/p><p>Es kann jedoch Situationen geben, in denen wir zur Bereitstellung von Diensten, zu Marketingzwecken oder zu anderen Zwecken Informationsprofile \u00fcber Sie erstellen m\u00fcssen. Ein Beispiel hierf\u00fcr w\u00e4re die Verwendung Ihres Kauf- oder Serviceverlaufs, um Ihnen Produkte oder Dienstleistungen anzubieten, die auf Ihren Geschmack oder Ihre Bed\u00fcrfnisse zugeschnitten sind.<\/p><p>In solchen F\u00e4llen ergreifen wir wirksame Sicherheitsma\u00dfnahmen, um Ihre Daten jederzeit vor unbefugten Personen zu sch\u00fctzen, die versuchen k\u00f6nnten, sie zu ihrem eigenen Vorteil zu verwenden.<\/p><p><strong>Werden wir Ihre Daten f\u00fcr andere Zwecke verwenden?<\/strong><\/p><p>Unsere Politik besteht darin, Ihre Daten nicht f\u00fcr andere Zwecke zu verwenden als die, die wir Ihnen erkl\u00e4rt haben. Wenn wir Ihre Daten jedoch f\u00fcr andere Aktivit\u00e4ten verwenden m\u00fcssen, werden wir Sie stets im Voraus um Ihre Zustimmung bitten und Ihnen klare Optionen zur Verf\u00fcgung stellen, die Ihnen die Entscheidung erm\u00f6glichen.<\/p>\t\t\t\t\t\t\t\t<\/div>\n\t\t\t\t<\/div>\n\t\t\t\t\t<\/div>\n\t\t<\/div>\n\t\t\t\t\t<\/div>\n\t\t<\/section>\n\t\t\t\t<\/div>\n\t\t","protected":false},"excerpt":{"rendered":"<p>DATENSCHUTZERKL\u00c4RUNG &#8222;IHRE DATEN SICHER&#8220; Informationen im Einklang mit den Bestimmungen zum Schutz personenbezogener Daten In Europa und Spanien gibt es Datenschutzbestimmungen zum Schutz Ihrer personenbezogenen Daten, die unser Unternehmen einhalten muss. Daher ist es uns sehr wichtig, dass Sie genau verstehen, was wir mit den personenbezogenen Daten machen, die wir von Ihnen anfordern. Auf diese [&hellip;]<\/p>\n","protected":false},"author":1,"featured_media":0,"parent":0,"menu_order":0,"comment_status":"closed","ping_status":"closed","template":"","meta":{"footnotes":""},"class_list":["post-31013","page","type-page","status-publish","hentry"],"_links":{"self":[{"href":"https:\/\/reservas.amareturismonautico.com\/de\/wp-json\/wp\/v2\/pages\/31013","targetHints":{"allow":["GET"]}}],"collection":[{"href":"https:\/\/reservas.amareturismonautico.com\/de\/wp-json\/wp\/v2\/pages"}],"about":[{"href":"https:\/\/reservas.amareturismonautico.com\/de\/wp-json\/wp\/v2\/types\/page"}],"author":[{"embeddable":true,"href":"https:\/\/reservas.amareturismonautico.com\/de\/wp-json\/wp\/v2\/users\/1"}],"replies":[{"embeddable":true,"href":"https:\/\/reservas.amareturismonautico.com\/de\/wp-json\/wp\/v2\/comments?post=31013"}],"version-history":[{"count":5,"href":"https:\/\/reservas.amareturismonautico.com\/de\/wp-json\/wp\/v2\/pages\/31013\/revisions"}],"predecessor-version":[{"id":31020,"href":"https:\/\/reservas.amareturismonautico.com\/de\/wp-json\/wp\/v2\/pages\/31013\/revisions\/31020"}],"wp:attachment":[{"href":"https:\/\/reservas.amareturismonautico.com\/de\/wp-json\/wp\/v2\/media?parent=31013"}],"curies":[{"name":"wp","href":"https:\/\/api.w.org\/{rel}","templated":true}]}}